{"id":608,"date":"2017-03-26T23:05:11","date_gmt":"2017-03-26T21:05:11","guid":{"rendered":"http:\/\/www.maidlakyla.ee\/?page_id=608"},"modified":"2017-03-26T23:05:11","modified_gmt":"2017-03-26T21:05:11","slug":"projektid","status":"publish","type":"page","link":"https:\/\/www.maidlakyla.ee\/?page_id=608","title":{"rendered":"Projektid"},"content":{"rendered":"<p>29.11.2016<\/p>\n<p>Projekt: \u201eKaunis k\u00fcla &#8211; murutraktor\u201c \u00a0Toetus KOHALIKU OMAALGATUSE PROGRAMM<\/p>\n<p><strong>Projekti eesm\u00e4rk: \u00a0<\/strong>Maidla ja P\u00e4rinurme elanikud saavad projekti l\u00e4bi j\u00e4tkata elamist puhtas ja korrashoitud elukeskkonnas, kus on niidetud seltsimaja, bussijaama ja paisj\u00e4rve \u00fcmbrus.<\/p>\n<p><strong>Projekti tulem:<\/strong> Ilus elukeskkond m\u00f5jutab positiivselt k\u00f5iki Maidla ja P\u00e4rinurme k\u00fcla inimesi ning \u00f5hutab heakorda hoidma ka eramaadel.<\/p>\n<p>Projekti toetati kohaliku omaalgatuse programmist summaga 1980 eurot projekti elluviimiseks.<img loading=\"lazy\" decoding=\"async\" class=\"alignnone wp-image-543\" src=\"https:\/\/www.maidlakyla.ee\/img\/uploads\/2016\/09\/K\u00dcSK_logo.bmp\" alt=\"kusk_logo\" width=\"595\" height=\"276\" srcset=\"https:\/\/www.maidlakyla.ee\/img\/uploads\/2016\/09\/K\u00dcSK_logo.bmp 609w, https:\/\/www.maidlakyla.ee\/img\/uploads\/2016\/09\/K\u00dcSK_logo-300x139.bmp 300w\" sizes=\"(max-width: 595px) 100vw, 595px\" \/><\/p>\n","protected":false},"excerpt":{"rendered":"<p>29.11.2016 Projekt: \u201eKaunis k\u00fcla &#8211; murutraktor\u201c \u00a0Toetus KOHALIKU OMAALGATUSE PROGRAMM Projekti eesm\u00e4rk: \u00a0Maidla ja P\u00e4rinurme elanikud saavad projekti l\u00e4bi j\u00e4tkata elamist puhtas ja korrashoitud elukeskkonnas, kus on niidetud seltsimaja, bussijaama ja paisj\u00e4rve \u00fcmbrus. Projekti tulem: Ilus elukeskkond m\u00f5jutab positiivselt k\u00f5iki &hellip; <a href=\"https:\/\/www.maidlakyla.ee\/?page_id=608\">J\u00e4tka lugemist <span class=\"meta-nav\">&rarr;<\/span><\/a><\/p>\n","protected":false},"author":12,"featured_media":0,"parent":287,"menu_order":4,"comment_status":"closed","ping_status":"closed","template":"","meta":{"footnotes":""},"_links":{"self":[{"href":"https:\/\/www.maidlakyla.ee\/index.php?rest_route=\/wp\/v2\/pages\/608"}],"collection":[{"href":"https:\/\/www.maidlakyla.ee\/index.php?rest_route=\/wp\/v2\/pages"}],"about":[{"href":"https:\/\/www.maidlakyla.ee\/index.php?rest_route=\/wp\/v2\/types\/page"}],"author":[{"embeddable":true,"href":"https:\/\/www.maidlakyla.ee\/index.php?rest_route=\/wp\/v2\/users\/12"}],"replies":[{"embeddable":true,"href":"https:\/\/www.maidlakyla.ee\/index.php?rest_route=%2Fwp%2Fv2%2Fcomments&post=608"}],"version-history":[{"count":2,"href":"https:\/\/www.maidlakyla.ee\/index.php?rest_route=\/wp\/v2\/pages\/608\/revisions"}],"predecessor-version":[{"id":2340,"href":"https:\/\/www.maidlakyla.ee\/index.php?rest_route=\/wp\/v2\/pages\/608\/revisions\/2340"}],"up":[{"embeddable":true,"href":"https:\/\/www.maidlakyla.ee\/index.php?rest_route=\/wp\/v2\/pages\/287"}],"wp:attachment":[{"href":"https:\/\/www.maidlakyla.ee\/index.php?rest_route=%2Fwp%2Fv2%2Fmedia&parent=608"}],"curies":[{"name":"wp","href":"https:\/\/api.w.org\/{rel}","templated":true}]}}