{"id":593,"date":"2017-03-26T22:11:12","date_gmt":"2017-03-26T20:11:12","guid":{"rendered":"http:\/\/www.maidlakyla.ee\/?page_id=593"},"modified":"2026-02-11T13:16:45","modified_gmt":"2026-02-11T11:16:45","slug":"liikmelisus","status":"publish","type":"page","link":"https:\/\/www.maidlakyla.ee\/?page_id=593","title":{"rendered":"Liikmelisus"},"content":{"rendered":"<p style=\"text-align: justify;\">T\u00e4naseks on k\u00fclaseltsil 65 liiget. Liikmetele laianevad <a href=\"https:\/\/www.maidlakyla.ee\/img\/uploads\/2021\/02\/Kehtiv_Mittetulundus\u00fching-Maidla-K\u00fclaselts-p\u00f5hikiri-30.03.2019.pdf\">p\u00f5hikirjas<\/a>\u00a0s\u00e4testatud \u00f5igused ja kohustused.<\/p>\n<p style=\"text-align: justify;\">Liikmeks astumiseks tuleb esitada k\u00fclaseltsi juhatusele avaldus.<\/p>\n<p style=\"text-align: justify;\">K\u00fclaseltsi liikmelisus on seotud sisseastumis- ja liikmemaksuga.<br \/>\n\u2666 Sisseastumismaks on f\u00fc\u00fcsilistele isikutele 10\u20ac ja aastamaksu suurus on<br \/>\nf\u00fc\u00fcsilistele isikutele 5 \u20ac<br \/>\n\u2666 Sisseastumismaks on juriidilistele isikutele 80\u20ac ja aastamaksu suurus on<br \/>\njuriidilistele isikutele 40\u20ac<\/p>\n<p style=\"text-align: justify;\">Liikmemaks tuleb tasuda iga aasta 31. m\u00e4rtsiks MT\u00dc Maidla K\u00fclaselts arveldusarvele EE552200221022400920, selgitusse m\u00e4rkida liikmemaks ja nimi \/nimed.<\/p>\n","protected":false},"excerpt":{"rendered":"<p>T\u00e4naseks on k\u00fclaseltsil 65 liiget. Liikmetele laianevad p\u00f5hikirjas\u00a0s\u00e4testatud \u00f5igused ja kohustused. Liikmeks astumiseks tuleb esitada k\u00fclaseltsi juhatusele avaldus. K\u00fclaseltsi liikmelisus on seotud sisseastumis- ja liikmemaksuga. \u2666 Sisseastumismaks on f\u00fc\u00fcsilistele isikutele 10\u20ac ja aastamaksu suurus on f\u00fc\u00fcsilistele isikutele 5 \u20ac \u2666 &hellip; <a href=\"https:\/\/www.maidlakyla.ee\/?page_id=593\">J\u00e4tka lugemist <span class=\"meta-nav\">&rarr;<\/span><\/a><\/p>\n","protected":false},"author":12,"featured_media":0,"parent":287,"menu_order":2,"comment_status":"closed","ping_status":"closed","template":"","meta":{"footnotes":""},"_links":{"self":[{"href":"https:\/\/www.maidlakyla.ee\/index.php?rest_route=\/wp\/v2\/pages\/593"}],"collection":[{"href":"https:\/\/www.maidlakyla.ee\/index.php?rest_route=\/wp\/v2\/pages"}],"about":[{"href":"https:\/\/www.maidlakyla.ee\/index.php?rest_route=\/wp\/v2\/types\/page"}],"author":[{"embeddable":true,"href":"https:\/\/www.maidlakyla.ee\/index.php?rest_route=\/wp\/v2\/users\/12"}],"replies":[{"embeddable":true,"href":"https:\/\/www.maidlakyla.ee\/index.php?rest_route=%2Fwp%2Fv2%2Fcomments&post=593"}],"version-history":[{"count":7,"href":"https:\/\/www.maidlakyla.ee\/index.php?rest_route=\/wp\/v2\/pages\/593\/revisions"}],"predecessor-version":[{"id":2683,"href":"https:\/\/www.maidlakyla.ee\/index.php?rest_route=\/wp\/v2\/pages\/593\/revisions\/2683"}],"up":[{"embeddable":true,"href":"https:\/\/www.maidlakyla.ee\/index.php?rest_route=\/wp\/v2\/pages\/287"}],"wp:attachment":[{"href":"https:\/\/www.maidlakyla.ee\/index.php?rest_route=%2Fwp%2Fv2%2Fmedia&parent=593"}],"curies":[{"name":"wp","href":"https:\/\/api.w.org\/{rel}","templated":true}]}}