{"id":540,"date":"2016-09-19T21:17:58","date_gmt":"2016-09-19T19:17:58","guid":{"rendered":"http:\/\/www.maidlakyla.ee\/?page_id=540"},"modified":"2024-02-20T21:33:59","modified_gmt":"2024-02-20T19:33:59","slug":"maidla-terviserada","status":"publish","type":"page","link":"https:\/\/www.maidlakyla.ee\/?page_id=540","title":{"rendered":"Maidla Terviserada"},"content":{"rendered":"\n<p>Maidla terviserada ja puhkeala asub J\u00f5emetsa kinnistul, mis paikneb&nbsp;Saue vallas Maidla suvilate piirkonnas. Alale p\u00e4\u00e4seb m\u00f6\u00f6da kruusakattega teed (M\u00f5isah\u00e4rra tee L4). Ala on kolmest k\u00fcljest \u00fcmbritsetud suvilakruntidega.<\/p>\n\n\n\n<p>Asukoht:\u00a0<a href=\"http:\/\/kaart.delfi.ee\/\/?bookmark=9c0229f30d4c5bcf6a980f166ad8207c\">http:\/\/kaart.delfi.ee\/\/?bookmark=9c0229f30d4c5bcf6a980f166ad8207c<\/a> v\u00f5i Google Maps rakenduses &#8220;J\u00f5emetsa Seikluspark&#8221;<\/p>\n\n\n\n<div class=\"wp-block-columns is-layout-flex wp-container-core-columns-layout-1 wp-block-columns-is-layout-flex\">\n<div class=\"wp-block-column is-layout-flow wp-block-column-is-layout-flow\" style=\"flex-basis:100%\">\n<div class=\"wp-block-group has-small-font-size is-layout-constrained wp-block-group-is-layout-constrained\"><div class=\"wp-block-group__inner-container\">\n<figure class=\"wp-block-gallery has-nested-images columns-default is-cropped wp-block-gallery-1 is-layout-flex wp-block-gallery-is-layout-flex\">\n<figure class=\"wp-block-image size-large\"><a href=\"https:\/\/www.maidlakyla.ee\/img\/uploads\/2024\/02\/1.jpg\"><img loading=\"lazy\" decoding=\"async\" width=\"768\" height=\"1024\" src=\"https:\/\/www.maidlakyla.ee\/img\/uploads\/2024\/02\/1-768x1024.jpg\" alt=\"\" class=\"wp-image-2617\" srcset=\"https:\/\/www.maidlakyla.ee\/img\/uploads\/2024\/02\/1-768x1024.jpg 768w, https:\/\/www.maidlakyla.ee\/img\/uploads\/2024\/02\/1-225x300.jpg 225w, https:\/\/www.maidlakyla.ee\/img\/uploads\/2024\/02\/1-1152x1536.jpg 1152w, https:\/\/www.maidlakyla.ee\/img\/uploads\/2024\/02\/1.jpg 1536w\" sizes=\"(max-width: 768px) 100vw, 768px\" \/><\/a><\/figure>\n\n\n\n<figure class=\"wp-block-image size-large\"><a href=\"https:\/\/www.maidlakyla.ee\/img\/uploads\/2024\/02\/image_123650291-2.jpg\"><img loading=\"lazy\" decoding=\"async\" width=\"1024\" height=\"768\" src=\"https:\/\/www.maidlakyla.ee\/img\/uploads\/2024\/02\/image_123650291-2-1024x768.jpg\" alt=\"\" class=\"wp-image-2618\" srcset=\"https:\/\/www.maidlakyla.ee\/img\/uploads\/2024\/02\/image_123650291-2-1024x768.jpg 1024w, https:\/\/www.maidlakyla.ee\/img\/uploads\/2024\/02\/image_123650291-2-300x225.jpg 300w, https:\/\/www.maidlakyla.ee\/img\/uploads\/2024\/02\/image_123650291-2-768x576.jpg 768w, https:\/\/www.maidlakyla.ee\/img\/uploads\/2024\/02\/image_123650291-2-1536x1152.jpg 1536w, https:\/\/www.maidlakyla.ee\/img\/uploads\/2024\/02\/image_123650291-2.jpg 2048w\" sizes=\"(max-width: 1024px) 100vw, 1024px\" \/><\/a><\/figure>\n\n\n\n<figure class=\"wp-block-image size-large\"><a href=\"https:\/\/www.maidlakyla.ee\/img\/uploads\/2024\/02\/image_123650291-3.jpg\"><img loading=\"lazy\" decoding=\"async\" width=\"1024\" height=\"768\" src=\"https:\/\/www.maidlakyla.ee\/img\/uploads\/2024\/02\/image_123650291-3-1024x768.jpg\" alt=\"\" class=\"wp-image-2619\" srcset=\"https:\/\/www.maidlakyla.ee\/img\/uploads\/2024\/02\/image_123650291-3-1024x768.jpg 1024w, https:\/\/www.maidlakyla.ee\/img\/uploads\/2024\/02\/image_123650291-3-300x225.jpg 300w, https:\/\/www.maidlakyla.ee\/img\/uploads\/2024\/02\/image_123650291-3-768x576.jpg 768w, https:\/\/www.maidlakyla.ee\/img\/uploads\/2024\/02\/image_123650291-3-1536x1152.jpg 1536w, https:\/\/www.maidlakyla.ee\/img\/uploads\/2024\/02\/image_123650291-3.jpg 2048w\" sizes=\"(max-width: 1024px) 100vw, 1024px\" \/><\/a><\/figure>\n\n\n\n<figure class=\"wp-block-image size-large\"><a href=\"https:\/\/www.maidlakyla.ee\/img\/uploads\/2024\/02\/image_123650291-4.jpg\"><img loading=\"lazy\" decoding=\"async\" width=\"1024\" height=\"768\" src=\"https:\/\/www.maidlakyla.ee\/img\/uploads\/2024\/02\/image_123650291-4-1024x768.jpg\" alt=\"\" class=\"wp-image-2620\" srcset=\"https:\/\/www.maidlakyla.ee\/img\/uploads\/2024\/02\/image_123650291-4-1024x768.jpg 1024w, https:\/\/www.maidlakyla.ee\/img\/uploads\/2024\/02\/image_123650291-4-300x225.jpg 300w, https:\/\/www.maidlakyla.ee\/img\/uploads\/2024\/02\/image_123650291-4-768x576.jpg 768w, https:\/\/www.maidlakyla.ee\/img\/uploads\/2024\/02\/image_123650291-4-1536x1152.jpg 1536w, https:\/\/www.maidlakyla.ee\/img\/uploads\/2024\/02\/image_123650291-4.jpg 2048w\" sizes=\"(max-width: 1024px) 100vw, 1024px\" \/><\/a><\/figure>\n\n\n\n<figure class=\"wp-block-image size-large\"><a href=\"https:\/\/www.maidlakyla.ee\/img\/uploads\/2024\/02\/image_123650291-5.jpg\"><img loading=\"lazy\" decoding=\"async\" width=\"1024\" height=\"768\" src=\"https:\/\/www.maidlakyla.ee\/img\/uploads\/2024\/02\/image_123650291-5-1024x768.jpg\" alt=\"\" class=\"wp-image-2621\" srcset=\"https:\/\/www.maidlakyla.ee\/img\/uploads\/2024\/02\/image_123650291-5-1024x768.jpg 1024w, https:\/\/www.maidlakyla.ee\/img\/uploads\/2024\/02\/image_123650291-5-300x225.jpg 300w, https:\/\/www.maidlakyla.ee\/img\/uploads\/2024\/02\/image_123650291-5-768x576.jpg 768w, https:\/\/www.maidlakyla.ee\/img\/uploads\/2024\/02\/image_123650291-5-1536x1152.jpg 1536w, https:\/\/www.maidlakyla.ee\/img\/uploads\/2024\/02\/image_123650291-5.jpg 2048w\" sizes=\"(max-width: 1024px) 100vw, 1024px\" \/><\/a><\/figure>\n<\/figure>\n<\/div><\/div>\n<\/div>\n<\/div>\n\n\n\n<p>Projekti eesm\u00e4rk:<\/p>\n\n\n\n<p>Maidla ja P\u00e4rinurme elanikud saavad projekti l\u00e4bi oma k\u00fclla korraliku aastaringselt kasutatava tervisesporti ning&nbsp;aktiivset eluviisi toetava terviseraja nii lastele kui t\u00e4iskasvanutele, seel\u00e4bi muutub tervisespordi harrastamine&nbsp;turvalisemaks, saame arendada erinevaid f\u00fc\u00fcsilisi oskusi, edendame suvilate piirkonna muu rahvuslaste&nbsp;integreerumist keskkonda ja hoogustame seel\u00e4bi k\u00fcla \u00fchtekuuluvustunnet.<\/p>\n\n\n\n<p>Projekti tulem:<\/p>\n\n\n\n<p>Terviserada h\u00f5lmab kunstk\u00fcnkaga jooksu\/suusarada, jalgpalliv\u00e4ljakut,&nbsp;m\u00e4nguv\u00e4ljakut, j\u00f5ujaamasid, puhkeala, seiklusrada. Terviserada v\u00f5imaldab k\u00fclaseltsil korraldada tervisespordi&nbsp;\u00fcritusi, vastlap\u00e4evi, kokkusaamisi, on avalik ja igap\u00e4evases kasutuses.<\/p>\n\n\n\n<p>Ajajoon:<\/p>\n\n\n\n<div style=\"display: none;\"><a href=\"http:\/\/www.omywigs.com\/lace-front-wigs\/deep-part-lace-front-wigs.html\">Deep Side Part Human Hair Front Lace Wigs<\/a><br><a href=\"http:\/\/www.omywigs.com\/celebrity-lace-wigs.html\">Celebrity Lace Wigs<\/a><br><a href=\"http:\/\/www.omywigs.com\/celebrity-lace-wigs.html\">Celebrity Style Wigs<\/a><br><a href=\"http:\/\/www.omywigs.com\/celebrity-lace-wigs.html\">Celebrity Full Lace Wigs<\/a><br><a href=\"http:\/\/www.omywigs.com\/celebrity-lace-wigs.html\">Celebrity Lace Front Wigs<\/a><\/div>\n\n\n\n<figure class=\"wp-block-table\"><table><tbody><tr><td>\n<h6><strong>Aeg<\/strong><\/h6>\n<\/td><td>\n<h6><strong>Tegevused<\/strong><\/h6>\n<\/td><td>\n<h6><strong>V\u00e4ljundid<\/strong><\/h6>\n<\/td><\/tr><tr><td>\n<h6>Mai-juuni 2015<\/h6>\n<\/td><td>\n<h6>Maidla suvilate terviseraja projekti tellimine<\/h6>\n<\/td><td>\n<h6>Valmis Maidla suvilate terviseraja projekt<\/h6>\n<\/td><\/tr><tr><td>\n<h6>August 2015<\/h6>\n<\/td><td>\n<h6>Lepingu s\u00f5lmimine Saue vallavalitsusega J\u00f5emetsa \u00fcldmaa tasuta kasutusse andmise osas.<\/h6>\n<\/td><td>\n<h6>S\u00f5lmitud leping MT\u00dc Maidla k\u00fclaselts ja Saue Vallavalitsuse vahel.<\/h6>\n<\/td><\/tr><tr><td>\n<h6>Aprill 2016<\/h6>\n<\/td><td>\n<h6>J\u00f5emetsa kinnistu metsaraie t\u00f6\u00f6d, metsamaterjali m\u00fc\u00fck<\/h6>\n<\/td><td>\n<h6>Osaline lageraie terviseraja alal<\/h6>\n<\/td><\/tr><tr><td>\n<h6>Mai 2016<\/h6>\n<\/td><td>\n<h6>K\u00e4ndude juurimine, rahastamine metsamaterjali m\u00fc\u00fcgist<\/h6>\n<\/td><td>\n<h6>K\u00e4ndudest puhastatud terviserada<\/h6>\n<\/td><\/tr><tr><td>\n<h6>Mai 2016<\/h6>\n<\/td><td>\n<h6>Terviseraja ja platside pealmise huumuskihi eemaldamine<\/h6>\n<\/td><td>\n<h6>Puhastatud ja korrastatud raja koridor, platsid ja v\u00e4ljakud<\/h6>\n<\/td><\/tr><tr><td>\n<h6>Mai-juuni 2016<\/h6>\n<\/td><td>\n<h6>Kraavide puhastamine, jalgpalliv\u00e4ljaku rajamine koost\u00f6\u00f6 Saue Vallavalitsusega &#8211; investeeringutoetus<\/h6>\n<\/td><td>\n<h6>S\u00fcvendatud kraavid, silutud jalgpalliv\u00e4ljak<\/h6>\n<\/td><\/tr><tr><td>\n<h6>Mai 2016<\/h6>\n<\/td><td>\n<h6>Tehisk\u00fcnka rajamine, m\u00f5\u00f5tmed ca 30&#215;20, k\u00f5rgus 3m, n\u00f5lvad v\u00f5imalikult laugjad, et v\u00e4ltida pinnase erosiooni.<\/h6>\n<\/td><td>\n<h6>Valmis tehisk\u00fcngas : <em>\u201e<\/em><em>Projekti rahastab rahandusministeerium kohaliku omaalgatuse programmi vahenditest<\/em><em>\u201c<\/em>;<\/h6>\n<h6>&nbsp;<\/h6>\n<\/td><\/tr><tr><td>\n<h6>Mai-sept 2016<\/h6>\n<\/td><td>\n<h6>Puiduhakke laialivedu, jalgpalliv\u00e4ljaku haljastamine, purrete valmistamine, tehisk\u00fcnka n\u00f5lvade haljastamine \u2013omaalgatuslikud talgud<\/h6>\n<\/td><td>\n<h6>Puidu hakkega kaetud terviserada, haljastatud jalgpalliv\u00e4ljak, tehisk\u00fcngas ning valminud 1 purre.<\/h6>\n<\/td><\/tr><\/tbody><\/table><\/figure>\n\n\n\n<p>Tehisk\u00fcnka rajamist toetati kohaliku omaalgatuse programmist summas 1976,40 eurot projekti elluviimiseks.<\/p>\n\n\n<div class=\"wp-block-image\">\n<figure class=\"aligncenter\"><a href=\"https:\/\/www.maidlakyla.ee\/img\/uploads\/2016\/09\/K\u00dcSK_logo.bmp\"><img loading=\"lazy\" decoding=\"async\" width=\"609\" height=\"282\" src=\"https:\/\/www.maidlakyla.ee\/img\/uploads\/2016\/09\/K\u00dcSK_logo.bmp\" alt=\"kusk_logo\" class=\"wp-image-543\" srcset=\"https:\/\/www.maidlakyla.ee\/img\/uploads\/2016\/09\/K\u00dcSK_logo.bmp 609w, https:\/\/www.maidlakyla.ee\/img\/uploads\/2016\/09\/K\u00dcSK_logo-300x139.bmp 300w\" sizes=\"(max-width: 609px) 100vw, 609px\" \/><\/a><\/figure><\/div>\n\n\n<p>Mai 2017&nbsp;&nbsp;&nbsp;&nbsp;&nbsp;&nbsp;&nbsp;&nbsp;&nbsp;&nbsp;&nbsp;&nbsp;&nbsp;&nbsp; kevadtalgud&nbsp;&nbsp;&nbsp;&nbsp;&nbsp;&nbsp; Jalgpalliv\u00e4ravate paigaldamine, silla ehitus, v\u00f5rkpalliv\u00e4ljaku pinnaset\u00f6\u00f6d, katmine multsikangaga ning liiva pealevedu<\/p>\n\n\n\n<p>Juuni 2017&nbsp;&nbsp;&nbsp;&nbsp;&nbsp;&nbsp; &nbsp;&nbsp;&nbsp; murutrimmer\/v\u00f5sal\u00f5ikaja ostmine hooldet\u00f6\u00f6deks&nbsp;&nbsp;&nbsp;Terviseraja hooldamine:&nbsp;<em>\u201eProjekti rahastab rahandusministeerium kohaliku omaalgatuse programmi vahenditest<\/em><\/p>\n\n\n\n<p>Juuli 2017&nbsp;&nbsp;&nbsp;&nbsp;&nbsp;&nbsp;&nbsp;&nbsp;&nbsp;&nbsp;&nbsp;&nbsp;&nbsp; Saue vald investeeringu toetus&nbsp; 3180.-&nbsp;&nbsp;&nbsp;&nbsp;&nbsp;&nbsp;&nbsp;&nbsp;&nbsp;&nbsp;&nbsp;&nbsp;&nbsp; paigaldatud v\u00e4litrenaz\u00f6\u00f6rid \/riding machine, k\u00f5hulihaste pink, tasakaalumasin, eritasemeline rippkang<\/p>\n\n\n\n<p>August 2017&nbsp;&nbsp;&nbsp;&nbsp;&nbsp;&nbsp;&nbsp;&nbsp; sponsorlus More Chartering O\u00dc&nbsp;&nbsp; 463,70&nbsp;&nbsp;&nbsp;&nbsp;&nbsp;&nbsp;&nbsp;&nbsp;&nbsp;&nbsp;&nbsp;&nbsp;&nbsp;&nbsp;&nbsp;&nbsp;&nbsp;&nbsp;&nbsp;&nbsp;&nbsp;&nbsp;&nbsp;&nbsp;&nbsp;&nbsp;&nbsp;&nbsp;&nbsp;&nbsp;&nbsp;&nbsp;&nbsp;&nbsp;&nbsp;&nbsp;&nbsp;&nbsp;&nbsp;&nbsp;&nbsp;&nbsp;&nbsp; v\u00f5rkpallipostid, v\u00f5rk, piirdelindid<\/p>\n\n\n\n<p>Sept 2017&nbsp;&nbsp;&nbsp;&nbsp;&nbsp;&nbsp;&nbsp;&nbsp;&nbsp;&nbsp;&nbsp;&nbsp; s\u00fcgistalgud<\/p>\n","protected":false},"excerpt":{"rendered":"<p>Maidla terviserada ja puhkeala asub J\u00f5emetsa kinnistul, mis paikneb&nbsp;Saue vallas Maidla suvilate piirkonnas. Alale p\u00e4\u00e4seb m\u00f6\u00f6da kruusakattega teed (M\u00f5isah\u00e4rra tee L4). Ala on kolmest k\u00fcljest \u00fcmbritsetud suvilakruntidega. Asukoht:\u00a0http:\/\/kaart.delfi.ee\/\/?bookmark=9c0229f30d4c5bcf6a980f166ad8207c v\u00f5i Google Maps rakenduses &#8220;J\u00f5emetsa Seikluspark&#8221; Projekti eesm\u00e4rk: Maidla ja P\u00e4rinurme elanikud &hellip; <a href=\"https:\/\/www.maidlakyla.ee\/?page_id=540\">J\u00e4tka lugemist <span class=\"meta-nav\">&rarr;<\/span><\/a><\/p>\n","protected":false},"author":1,"featured_media":0,"parent":0,"menu_order":2,"comment_status":"closed","ping_status":"closed","template":"","meta":{"footnotes":""},"_links":{"self":[{"href":"https:\/\/www.maidlakyla.ee\/index.php?rest_route=\/wp\/v2\/pages\/540"}],"collection":[{"href":"https:\/\/www.maidlakyla.ee\/index.php?rest_route=\/wp\/v2\/pages"}],"about":[{"href":"https:\/\/www.maidlakyla.ee\/index.php?rest_route=\/wp\/v2\/types\/page"}],"author":[{"embeddable":true,"href":"https:\/\/www.maidlakyla.ee\/index.php?rest_route=\/wp\/v2\/users\/1"}],"replies":[{"embeddable":true,"href":"https:\/\/www.maidlakyla.ee\/index.php?rest_route=%2Fwp%2Fv2%2Fcomments&post=540"}],"version-history":[{"count":8,"href":"https:\/\/www.maidlakyla.ee\/index.php?rest_route=\/wp\/v2\/pages\/540\/revisions"}],"predecessor-version":[{"id":2640,"href":"https:\/\/www.maidlakyla.ee\/index.php?rest_route=\/wp\/v2\/pages\/540\/revisions\/2640"}],"wp:attachment":[{"href":"https:\/\/www.maidlakyla.ee\/index.php?rest_route=%2Fwp%2Fv2%2Fmedia&parent=540"}],"curies":[{"name":"wp","href":"https:\/\/api.w.org\/{rel}","templated":true}]}}