{"id":31,"date":"2010-03-29T15:07:44","date_gmt":"2010-03-29T13:07:44","guid":{"rendered":"http:\/\/www.maidlakyla.ee\/wordpress\/?page_id=31"},"modified":"2025-04-01T22:14:53","modified_gmt":"2025-04-01T20:14:53","slug":"kontakt","status":"publish","type":"page","link":"https:\/\/www.maidlakyla.ee\/?page_id=31","title":{"rendered":"Kontakt"},"content":{"rendered":"<p><strong>K\u00fclaelu edendamise juriidiliseks vormiks on:<\/strong><\/p>\n<p>MT\u00dc Maidla K\u00fclaselts (80185628)<\/p>\n<p>Maidla k\u00fclakeskus, Maidla k\u00fcla, Saue vald, Harjumaa 76416<\/p>\n<p>a\/a: EE552200221022400920<\/p>\n<p><strong>MT\u00dc Maidla K\u00fclaseltsi juhatus:<\/strong><\/p>\n<ul>\n<li>Margit Mitt, 53 451 401, mitt.margit@gmail.com<\/li>\n<li>Key Smirnova, 51 19 957, key.smirnova@mail.ee<\/li>\n<li>\u00dclle Kivisilla-Peterson, 55 902 441, kynnukas@gmail.com<\/li>\n<\/ul>\n<p>K\u00f5igi juhatuse\u00a0liikmetega saab \u00fchendust kirjutades <a href=\"mailto:juhatus@maidlakyla.ee\">juhatus@maidlakyla.ee<\/a><\/p>\n<p><strong>K\u00fclavanem:<\/strong><\/p>\n<p>*Margit Mitt, 53 451 401, <a href=\"mailto:vanem@maidlakyla.ee\">vanem@maidlakyla.ee<\/a><\/p>\n<p>Lisaks k\u00fclavanemale toimetab Maidla ja P\u00e4rinurme k\u00fclas k\u00fclakogu, kelle peamisteks \u00fclesanneteks on k\u00fcla esindamine jooksvate k\u00fcsimuste arutamisel ja olla oma aktiivsusega eeskujuks ka teistele kogukonnaliikmetele. K\u00fclavanem ja k\u00fclakogu valitakse kolmeks aastaks.<\/p>\n<p><strong>K\u00fclakogu liikmed:<\/strong><\/p>\n<div style=\"display: none;\"><a href=\"http:\/\/www.omywigs.com\/lace-front-wigs\/deep-part-lace-front-wigs.html\">Deep Side Part Human Hair Front Lace Wigs<\/a><br \/>\n<a href=\"http:\/\/www.omywigs.com\/celebrity-lace-wigs.html\">Celebrity Lace Wigs<\/a><br \/>\n<a href=\"http:\/\/www.omywigs.com\/celebrity-lace-wigs.html\">Celebrity Style Wigs<\/a><br \/>\n<a href=\"http:\/\/www.omywigs.com\/celebrity-lace-wigs.html\">Celebrity Full Lace Wigs<\/a><br \/>\n<a href=\"http:\/\/www.omywigs.com\/celebrity-lace-wigs.html\">Celebrity Lace Front Wigs<\/a><\/div>\n<ul>\n<li style=\"list-style-type: none;\">\n<ul>\n<li><span style=\"font-family: 'Times New Roman', serif;\"><span style=\"font-size: medium;\">Ene Mitt -ene@sillaotsa.ee<\/span><\/span><\/li>\n<li><span style=\"font-family: 'Times New Roman', serif;\"><span style=\"font-size: medium;\">Terje Jaup -kribupaksu@hot.ee\u00a0<\/span><\/span><\/li>\n<li><span style=\"font-family: 'Times New Roman', serif;\"><span style=\"font-size: medium;\">Reet Tr\u00e4ss- reebus934@gmail.com<\/span><\/span><\/li>\n<li><span style=\"font-family: 'Times New Roman', serif;\"><span style=\"font-size: medium;\">Triin Rebane- triinrebane3@gmail.com<\/span><\/span><\/li>\n<li><span style=\"font-family: 'Times New Roman', serif;\"><span style=\"font-size: medium;\">Maire Pentik\u00e4inen- mairepent@hotmail.com<\/span><\/span><\/li>\n<li><span style=\"font-family: 'Times New Roman', serif;\"><span style=\"font-size: medium;\">Triin Sarapuu- s.triin@gmail.com<\/span><\/span><\/li>\n<li><span style=\"font-size: medium;\">Helger Rannu- helger.rannu@mail.ee\u00a0<\/span><\/li>\n<\/ul>\n<\/li>\n<\/ul>\n<p>K\u00f5igi k\u00fclakogu liikmetega saab \u00fchendust kirjutades <a href=\"mailto:kogu@maidlakyla.ee\">kogu@maidlakyla.ee<\/a><\/p>\n<p>K\u00fclaseltsi tegemistel saab silma peal hoida ka <a href=\"https:\/\/www.facebook.com\/Maidlakyla\">Facebooki lehel<\/a>.<\/p>\n","protected":false},"excerpt":{"rendered":"<p>K\u00fclaelu edendamise juriidiliseks vormiks on: MT\u00dc Maidla K\u00fclaselts (80185628) Maidla k\u00fclakeskus, Maidla k\u00fcla, Saue vald, Harjumaa 76416 a\/a: EE552200221022400920 MT\u00dc Maidla K\u00fclaseltsi juhatus: Margit Mitt, 53 451 401, mitt.margit@gmail.com Key Smirnova, 51 19 957, key.smirnova@mail.ee \u00dclle Kivisilla-Peterson, 55 902 441, &hellip; <a href=\"https:\/\/www.maidlakyla.ee\/?page_id=31\">J\u00e4tka lugemist <span class=\"meta-nav\">&rarr;<\/span><\/a><\/p>\n","protected":false},"author":12,"featured_media":0,"parent":0,"menu_order":8,"comment_status":"closed","ping_status":"open","template":"","meta":{"footnotes":""},"_links":{"self":[{"href":"https:\/\/www.maidlakyla.ee\/index.php?rest_route=\/wp\/v2\/pages\/31"}],"collection":[{"href":"https:\/\/www.maidlakyla.ee\/index.php?rest_route=\/wp\/v2\/pages"}],"about":[{"href":"https:\/\/www.maidlakyla.ee\/index.php?rest_route=\/wp\/v2\/types\/page"}],"author":[{"embeddable":true,"href":"https:\/\/www.maidlakyla.ee\/index.php?rest_route=\/wp\/v2\/users\/12"}],"replies":[{"embeddable":true,"href":"https:\/\/www.maidlakyla.ee\/index.php?rest_route=%2Fwp%2Fv2%2Fcomments&post=31"}],"version-history":[{"count":33,"href":"https:\/\/www.maidlakyla.ee\/index.php?rest_route=\/wp\/v2\/pages\/31\/revisions"}],"predecessor-version":[{"id":2660,"href":"https:\/\/www.maidlakyla.ee\/index.php?rest_route=\/wp\/v2\/pages\/31\/revisions\/2660"}],"wp:attachment":[{"href":"https:\/\/www.maidlakyla.ee\/index.php?rest_route=%2Fwp%2Fv2%2Fmedia&parent=31"}],"curies":[{"name":"wp","href":"https:\/\/api.w.org\/{rel}","templated":true}]}}