{"id":297,"date":"2014-07-04T13:06:35","date_gmt":"2014-07-04T11:06:35","guid":{"rendered":"http:\/\/www.maidlakyla.ee\/?page_id=297"},"modified":"2014-07-08T09:54:21","modified_gmt":"2014-07-08T07:54:21","slug":"arengukava","status":"publish","type":"page","link":"https:\/\/www.maidlakyla.ee\/?page_id=297","title":{"rendered":"Arengukava"},"content":{"rendered":"<p><strong>Maidla ja P\u00e4rinurme arengukava 2014-2024<\/strong><\/p>\n<p>Maidla paikkond haarab Maidla ja P\u00e4rinurme k\u00fcla. Piirkondlikuks kultuuri- ja seltsielu keskuseks on Maidla seltsimaja. Maidla piirkonnas asub valla ainus ujumiskoht \u2013 Maidla j\u00e4rv. Paikkond asub Saue valla l\u00f5unaosas.<\/p>\n<p>Arengukavaga saad tutvuda siin: <a href=\"https:\/\/www.maidlakyla.ee\/img\/uploads\/2014\/07\/Maidla_ja_Parinurme_arengukava_2014-2024.pdf\">Arengukava 2014-2024<\/a><\/p>\n<p>K\u00f5ik kommentaarid, muudatusettepanekud ning igasugune tagasiside seoses arengukavaga on oodatud aadressile <a href=\"mailto:vanem@maidlakyla.ee?subject=Arengukava\">vanem@maidlakyla.ee<\/a> <\/p>\n","protected":false},"excerpt":{"rendered":"<p>Maidla ja P\u00e4rinurme arengukava 2014-2024 Maidla paikkond haarab Maidla ja P\u00e4rinurme k\u00fcla. Piirkondlikuks kultuuri- ja seltsielu keskuseks on Maidla seltsimaja. Maidla piirkonnas asub valla ainus ujumiskoht \u2013 Maidla j\u00e4rv. Paikkond asub Saue valla l\u00f5unaosas. Arengukavaga saad tutvuda siin: Arengukava 2014-2024 &hellip; <a href=\"https:\/\/www.maidlakyla.ee\/?page_id=297\">J\u00e4tka lugemist <span class=\"meta-nav\">&rarr;<\/span><\/a><\/p>\n","protected":false},"author":1,"featured_media":0,"parent":0,"menu_order":3,"comment_status":"open","ping_status":"open","template":"","meta":{"footnotes":""},"_links":{"self":[{"href":"https:\/\/www.maidlakyla.ee\/index.php?rest_route=\/wp\/v2\/pages\/297"}],"collection":[{"href":"https:\/\/www.maidlakyla.ee\/index.php?rest_route=\/wp\/v2\/pages"}],"about":[{"href":"https:\/\/www.maidlakyla.ee\/index.php?rest_route=\/wp\/v2\/types\/page"}],"author":[{"embeddable":true,"href":"https:\/\/www.maidlakyla.ee\/index.php?rest_route=\/wp\/v2\/users\/1"}],"replies":[{"embeddable":true,"href":"https:\/\/www.maidlakyla.ee\/index.php?rest_route=%2Fwp%2Fv2%2Fcomments&post=297"}],"version-history":[{"count":7,"href":"https:\/\/www.maidlakyla.ee\/index.php?rest_route=\/wp\/v2\/pages\/297\/revisions"}],"predecessor-version":[{"id":2636,"href":"https:\/\/www.maidlakyla.ee\/index.php?rest_route=\/wp\/v2\/pages\/297\/revisions\/2636"}],"wp:attachment":[{"href":"https:\/\/www.maidlakyla.ee\/index.php?rest_route=%2Fwp%2Fv2%2Fmedia&parent=297"}],"curies":[{"name":"wp","href":"https:\/\/api.w.org\/{rel}","templated":true}]}}