{"id":2441,"date":"2023-10-28T22:04:51","date_gmt":"2023-10-28T20:04:51","guid":{"rendered":"https:\/\/www.maidlakyla.ee\/?page_id=2441"},"modified":"2024-11-12T23:45:40","modified_gmt":"2024-11-12T21:45:40","slug":"maidla-ja-parinurme-jouluruus-2023","status":"publish","type":"page","link":"https:\/\/www.maidlakyla.ee\/?page_id=2441","title":{"rendered":"Maidla ja P\u00e4rinurme j\u00f5ulur\u00fc\u00fcs 2023"},"content":{"rendered":"\n<p>MT\u00dc Maidla K\u00fclaselts kutsub ka sel aastal Maidla ja P\u00e4rinurme k\u00fclasid j\u00f5ulur\u00fc\u00fcsse s\u00e4ttima. Ootame perekondasid, s\u00f5pruskondi, ettev\u00f5tteid ning meie k\u00fclade s\u00f5pru Maidlasse ja P\u00e4rinurme kaunistusi \u00fcles seadma.<\/p>\n\n\n\n<p>J\u00f5ulur\u00fc\u00fcsse s\u00e4ttimine toimus esimest korda 2022. aastal ning Nurgakivi saade k\u00e4is kohapeal kaunistusi vaatamas. Juhul kui sa eelmisel aastal kaunistusi vaatama ei j\u00f5udnud, siis vaata pilte meie kodulehelt <a rel=\"noreferrer noopener\" href=\"https:\/\/www.maidlakyla.ee\/?page_id=2371\" target=\"_blank\">https:\/\/www.maidlakyla.ee\/?page_id=2371<\/a><br>v\u00f5i Nurgakivi saadet j\u00e4rgi (alates 22:25): <a href=\"https:\/\/play.tv3.ee\/shows\/nurgakivi,serial-2547938\/osa-16,episode-4984163?fbclid=IwAR3hkIc-6wwfFtevqTffR4rIHwqSRmARMhRNIj4UcMLn1OYvIDT_qazlIcQ\">https:\/\/play.tv3.ee\/shows\/nurgakivi,serial-2547938\/osa-16,episode-4984163?fbclid=IwAR3hkIc-6wwfFtevqTffR4rIHwqSRmARMhRNIj4UcMLn1OYvIDT_qazlIcQ<\/a><\/p>\n\n\n\n<p> Ootame k\u00f5iki meie k\u00fcladega tutvuma ja kaunistusi vaatama. Korraldame rahvah\u00e4\u00e4letuse ning enim h\u00e4\u00e4li saanud kaunistused tehakse teatavaks ja autasustatakse <strong>16.12.2023 <\/strong>Maidla seltsimajas toimuval j\u00f5ulupeol. <\/p>\n\n\n\n<p><span style=\"text-decoration: underline;\">KAUNISTAJATELE:<\/span><\/p>\n\n\n\n<p>Registreeri oma kaunistus hiljemalt 15.11.2023 ning s\u00e4ti \u00fcles hiljemalt 1.advendi hommikuks.<\/p>\n\n\n\n<p>Kaunistuste \u00fcles seadmisel palume arvestada, et:<br>\u2013 kaunistused oleks avalikult ligip\u00e4\u00e4setavad;<br>\u2013 kaunistused ei takistaks liiklemist;<br>\u2013 me hoolime keskkonnast ja seet\u00f5ttu palume, et avalikku kohta \u00fcles seatud kaunistused eemaldatakse peale v\u00f5istlust.<\/p>\n\n\n\n<p>Link registreerimiseks: <a rel=\"noreferrer noopener\" href=\"https:\/\/forms.gle\/vRuLwcCpZs3ijrvA7\" target=\"_blank\">https:\/\/forms.gle\/vRuLwcCpZs3ijrvA7<\/a><a rel=\"noreferrer noopener\" href=\"https:\/\/forms.gle\/vRuLwcCpZs3ijrvA7\" data-type=\"URL\" data-id=\"https:\/\/forms.gle\/vRuLwcCpZs3ijrvA7\" target=\"_blank\"> <\/a><\/p>\n\n\n\n<p><span style=\"text-decoration: underline;\">K\u00dcLASTAJATELE:<\/span><\/p>\n\n\n\n<p>Kaunistusi k\u00fclastades tehtud vahvad pildid on oodatud Facebookis \u00fcrituse ajajoonele. Kui lisate foto oma sotsiaalmeediasse, siis kasuta m\u00e4rgendit <a href=\"https:\/\/www.facebook.com\/hashtag\/maidlak\u00fcla?__eep__=6&amp;__cft__[0]=AZUDIoCx8eJq8KcQ1_EBt6oBgSUilhHdWxEMkEBQvaiJn3VtI30WJSh6Mie9BYoGOXzMi24yrJT-0g2U0rzjp1hqIpyPIWdfRFH0ODccac1dqZoKsHJNaqwDABWmbM-_FfM&amp;__tn__=q\">#maidlak\u00fcla<\/a> v\u00f5i Facebookis m\u00e4rgi \u00e4ra meie k\u00fclaselts @Maidlakyla.<\/p>\n\n\n\n<p>Palume, et kaunistusi vaadates neid ei l\u00f5hutaks ning austatakse kohalike elanike privaatsust.<br>Kui m\u00e4rkate, et m\u00f5ni kaunistus on l\u00e4inud katki v\u00f5i seda on l\u00f5hutud, siis palun andke sellest meile teada, et kaunistuste omanikud teaksid neid parandama minna.<\/p>\n\n\n\n<p>V\u00e4ga raske on kaunistusi pingeritta seada aga kuna tegemist on siiski v\u00f5istlusega, siis h\u00e4\u00e4letada saab siin: <a rel=\"noreferrer noopener\" href=\"https:\/\/l.facebook.com\/l.php?u=https%3A%2F%2Fwww.smartsurvey.co.uk%2Fs%2FBOX7TP%2F%3Ffbclid%3DIwAR1qb5ye9Zyh4UhH8M2gQ4VUkQUpSgJw2ThOyuGgkbgobmWPiZQ52THnhzc&amp;h=AT1OQxrptVXTAa8JIeTpACXrB1a_YIGJU6srcWWADZtyms4Pu4wIEeeQE9BAfQBuot3BVAtFuNV-XEdrhf_S8CB290exZnwt6VWo4XIS56ne5OtshycxfcXmA4zNkMS8lWldHA0PZ1rC00qqRQ&amp;__tn__=-UK-R&amp;c[0]=AT3KKAxNKEMHxq4TxggFT4AxsvBh41DLMyrBTjmRmyjRItxmoCAi23YCkWYlApLcQkLxGsz7Ul56O8291lbFGAU9ENT9gJfyF84RV8sfJX2wfHQWgBOERNUJRfZPnZuGBGAj0iA\" target=\"_blank\">https:\/\/www.smartsurvey.co.uk\/s\/BOX7TP\/<\/a><\/p>\n\n\n\n<p>Kaunistuste asukohad:<\/p>\n\n\n\n<p>Maidla tiheasustus piirkond:<br>Urumarja A\u00dc &#8211; Urumarja pumbajaam, maja nr 33 ees<br>Urumarja 19 &#8211; Urumarja 19<br>Vilip\u00f5llu residents &#8211; Urumarja 40<br>Kalakesed &#8211; Maidlan\u00f5mme A\u00dc 28 k\u00f5rval aiandus\u00fchistu hoovis teadetetahvlil<br>Kalakesed &#8211; Maidla terviseraja parkla<br>Mini-Lapimaa &#8211; majake Maidla terviserajal<br>Merkel &#8211; Maidlanurga 23<br>P\u00e4kapikud &#8211; Maidlanurga 32<\/p>\n\n\n\n<p>P\u00e4rinurme ja Maidla hajak\u00fcla piirkond:<br>J\u00f5ulumaagia &#8220;Ingli puudutus&#8221; &#8211; M\u00f5isa bussipeatus<br>Taadi j\u00f5ulud \u2013 Kivisilla tee l\u00f5pus<br>Sillaotsa &#8211; Sillaotsa talu teeots<br>Vanatoa &#8211; K\u00f5pu tee teeots<br>Perenaised &#8211; Maidla k\u00fclakeskuse hoov<br>J\u00f5ulup\u00e4rg &#8211; Maidla k\u00fclat\u00e4his (kirjaga kivi j\u00e4rve \u00e4\u00e4res)<\/p>\n\n\n\n<p>Kaart on leitav NaviCupi nutirakendusest ning veebist: <a rel=\"noreferrer noopener\" href=\"https:\/\/navicup.com\/event\/maidla-ja-parinurme-jouluruus\" target=\"_blank\">https:\/\/navicup.com\/event\/maidla-ja-parinurme-jouluruus<\/a>.<\/p>\n\n\n\n<p>Mobiilirakendus:<\/p>\n\n\n\n<figure class=\"wp-block-image size-full\"><a href=\"https:\/\/www.maidlakyla.ee\/img\/uploads\/2023\/11\/qr_kaart.jpg\"><img loading=\"lazy\" decoding=\"async\" width=\"660\" height=\"336\" src=\"https:\/\/www.maidlakyla.ee\/img\/uploads\/2023\/11\/qr_kaart.jpg\" alt=\"\" class=\"wp-image-2475\" srcset=\"https:\/\/www.maidlakyla.ee\/img\/uploads\/2023\/11\/qr_kaart.jpg 660w, https:\/\/www.maidlakyla.ee\/img\/uploads\/2023\/11\/qr_kaart-300x153.jpg 300w\" sizes=\"(max-width: 660px) 100vw, 660px\" \/><\/a><\/figure>\n\n\n\n<p><\/p>\n\n\n\n<p class=\"has-text-align-center\" style=\"font-size:40px\"><strong>2023. aasta kaunistuste galerii<\/strong><\/p>\n\n\n\n<div class=\"wp-block-group has-black-color has-black-background-color has-text-color has-background is-layout-flow wp-block-group-is-layout-flow\"><div class=\"wp-block-group__inner-container\">\n<div class=\"wp-block-columns is-layout-flex wp-container-core-columns-layout-1 wp-block-columns-is-layout-flex\">\n<div class=\"wp-block-column is-layout-flow wp-block-column-is-layout-flow\" style=\"flex-basis:100%\">\n<figure class=\"wp-block-gallery columns-3 is-cropped wp-block-gallery-1 is-layout-flex wp-block-gallery-is-layout-flex\"><ul class=\"blocks-gallery-grid\"><li class=\"blocks-gallery-item\"><figure><a href=\"https:\/\/www.maidlakyla.ee\/img\/uploads\/2023\/12\/1-1.jpg\"><img loading=\"lazy\" decoding=\"async\" width=\"1024\" height=\"724\" src=\"https:\/\/www.maidlakyla.ee\/img\/uploads\/2023\/12\/1-1-1024x724.jpg\" alt=\"\" data-id=\"2508\" data-full-url=\"https:\/\/www.maidlakyla.ee\/img\/uploads\/2023\/12\/1-1.jpg\" data-link=\"https:\/\/www.maidlakyla.ee\/?attachment_id=2508\" class=\"wp-image-2508\" srcset=\"https:\/\/www.maidlakyla.ee\/img\/uploads\/2023\/12\/1-1-1024x724.jpg 1024w, https:\/\/www.maidlakyla.ee\/img\/uploads\/2023\/12\/1-1-300x212.jpg 300w, https:\/\/www.maidlakyla.ee\/img\/uploads\/2023\/12\/1-1-768x543.jpg 768w, https:\/\/www.maidlakyla.ee\/img\/uploads\/2023\/12\/1-1-1536x1086.jpg 1536w, https:\/\/www.maidlakyla.ee\/img\/uploads\/2023\/12\/1-1.jpg 2000w\" sizes=\"(max-width: 1024px) 100vw, 1024px\" \/><\/a><\/figure><\/li><li class=\"blocks-gallery-item\"><figure><a href=\"https:\/\/www.maidlakyla.ee\/img\/uploads\/2023\/12\/2-1.jpg\"><img loading=\"lazy\" decoding=\"async\" width=\"1024\" height=\"724\" src=\"https:\/\/www.maidlakyla.ee\/img\/uploads\/2023\/12\/2-1-1024x724.jpg\" alt=\"\" data-id=\"2509\" data-full-url=\"https:\/\/www.maidlakyla.ee\/img\/uploads\/2023\/12\/2-1.jpg\" data-link=\"https:\/\/www.maidlakyla.ee\/?attachment_id=2509\" class=\"wp-image-2509\" srcset=\"https:\/\/www.maidlakyla.ee\/img\/uploads\/2023\/12\/2-1-1024x724.jpg 1024w, https:\/\/www.maidlakyla.ee\/img\/uploads\/2023\/12\/2-1-300x212.jpg 300w, https:\/\/www.maidlakyla.ee\/img\/uploads\/2023\/12\/2-1-768x543.jpg 768w, https:\/\/www.maidlakyla.ee\/img\/uploads\/2023\/12\/2-1-1536x1086.jpg 1536w, https:\/\/www.maidlakyla.ee\/img\/uploads\/2023\/12\/2-1.jpg 2000w\" sizes=\"(max-width: 1024px) 100vw, 1024px\" \/><\/a><\/figure><\/li><li class=\"blocks-gallery-item\"><figure><a href=\"https:\/\/www.maidlakyla.ee\/img\/uploads\/2023\/12\/3-1.jpg\"><img loading=\"lazy\" decoding=\"async\" width=\"1024\" height=\"724\" src=\"https:\/\/www.maidlakyla.ee\/img\/uploads\/2023\/12\/3-1-1024x724.jpg\" alt=\"\" data-id=\"2510\" data-full-url=\"https:\/\/www.maidlakyla.ee\/img\/uploads\/2023\/12\/3-1.jpg\" data-link=\"https:\/\/www.maidlakyla.ee\/?attachment_id=2510\" class=\"wp-image-2510\" srcset=\"https:\/\/www.maidlakyla.ee\/img\/uploads\/2023\/12\/3-1-1024x724.jpg 1024w, https:\/\/www.maidlakyla.ee\/img\/uploads\/2023\/12\/3-1-300x212.jpg 300w, https:\/\/www.maidlakyla.ee\/img\/uploads\/2023\/12\/3-1-768x543.jpg 768w, https:\/\/www.maidlakyla.ee\/img\/uploads\/2023\/12\/3-1-1536x1086.jpg 1536w, https:\/\/www.maidlakyla.ee\/img\/uploads\/2023\/12\/3-1.jpg 2000w\" sizes=\"(max-width: 1024px) 100vw, 1024px\" \/><\/a><\/figure><\/li><li class=\"blocks-gallery-item\"><figure><a href=\"https:\/\/www.maidlakyla.ee\/img\/uploads\/2023\/12\/4-1.jpg\"><img loading=\"lazy\" decoding=\"async\" width=\"1024\" height=\"724\" src=\"https:\/\/www.maidlakyla.ee\/img\/uploads\/2023\/12\/4-1-1024x724.jpg\" alt=\"\" data-id=\"2511\" data-full-url=\"https:\/\/www.maidlakyla.ee\/img\/uploads\/2023\/12\/4-1.jpg\" data-link=\"https:\/\/www.maidlakyla.ee\/?attachment_id=2511\" class=\"wp-image-2511\" srcset=\"https:\/\/www.maidlakyla.ee\/img\/uploads\/2023\/12\/4-1-1024x724.jpg 1024w, https:\/\/www.maidlakyla.ee\/img\/uploads\/2023\/12\/4-1-300x212.jpg 300w, https:\/\/www.maidlakyla.ee\/img\/uploads\/2023\/12\/4-1-768x543.jpg 768w, https:\/\/www.maidlakyla.ee\/img\/uploads\/2023\/12\/4-1-1536x1086.jpg 1536w, https:\/\/www.maidlakyla.ee\/img\/uploads\/2023\/12\/4-1.jpg 2000w\" sizes=\"(max-width: 1024px) 100vw, 1024px\" \/><\/a><\/figure><\/li><li class=\"blocks-gallery-item\"><figure><a href=\"https:\/\/www.maidlakyla.ee\/img\/uploads\/2023\/12\/6-1.jpg\"><img loading=\"lazy\" decoding=\"async\" width=\"1024\" height=\"724\" src=\"https:\/\/www.maidlakyla.ee\/img\/uploads\/2023\/12\/6-1-1024x724.jpg\" alt=\"\" data-id=\"2513\" data-full-url=\"https:\/\/www.maidlakyla.ee\/img\/uploads\/2023\/12\/6-1.jpg\" data-link=\"https:\/\/www.maidlakyla.ee\/?attachment_id=2513\" class=\"wp-image-2513\" srcset=\"https:\/\/www.maidlakyla.ee\/img\/uploads\/2023\/12\/6-1-1024x724.jpg 1024w, https:\/\/www.maidlakyla.ee\/img\/uploads\/2023\/12\/6-1-300x212.jpg 300w, https:\/\/www.maidlakyla.ee\/img\/uploads\/2023\/12\/6-1-768x543.jpg 768w, https:\/\/www.maidlakyla.ee\/img\/uploads\/2023\/12\/6-1-1536x1086.jpg 1536w, https:\/\/www.maidlakyla.ee\/img\/uploads\/2023\/12\/6-1.jpg 2000w\" sizes=\"(max-width: 1024px) 100vw, 1024px\" \/><\/a><\/figure><\/li><li class=\"blocks-gallery-item\"><figure><a href=\"https:\/\/www.maidlakyla.ee\/img\/uploads\/2023\/12\/7-2.jpg\"><img loading=\"lazy\" decoding=\"async\" width=\"1024\" height=\"724\" src=\"https:\/\/www.maidlakyla.ee\/img\/uploads\/2023\/12\/7-2-1024x724.jpg\" alt=\"\" data-id=\"2514\" data-full-url=\"https:\/\/www.maidlakyla.ee\/img\/uploads\/2023\/12\/7-2.jpg\" data-link=\"https:\/\/www.maidlakyla.ee\/?attachment_id=2514\" class=\"wp-image-2514\" srcset=\"https:\/\/www.maidlakyla.ee\/img\/uploads\/2023\/12\/7-2-1024x724.jpg 1024w, https:\/\/www.maidlakyla.ee\/img\/uploads\/2023\/12\/7-2-300x212.jpg 300w, https:\/\/www.maidlakyla.ee\/img\/uploads\/2023\/12\/7-2-768x543.jpg 768w, https:\/\/www.maidlakyla.ee\/img\/uploads\/2023\/12\/7-2-1536x1086.jpg 1536w, https:\/\/www.maidlakyla.ee\/img\/uploads\/2023\/12\/7-2.jpg 2000w\" sizes=\"(max-width: 1024px) 100vw, 1024px\" \/><\/a><\/figure><\/li><li class=\"blocks-gallery-item\"><figure><a href=\"https:\/\/www.maidlakyla.ee\/img\/uploads\/2023\/12\/8-2.jpg\"><img loading=\"lazy\" decoding=\"async\" width=\"1024\" height=\"724\" src=\"https:\/\/www.maidlakyla.ee\/img\/uploads\/2023\/12\/8-2-1024x724.jpg\" alt=\"\" data-id=\"2515\" data-full-url=\"https:\/\/www.maidlakyla.ee\/img\/uploads\/2023\/12\/8-2.jpg\" data-link=\"https:\/\/www.maidlakyla.ee\/?attachment_id=2515\" class=\"wp-image-2515\" srcset=\"https:\/\/www.maidlakyla.ee\/img\/uploads\/2023\/12\/8-2-1024x724.jpg 1024w, https:\/\/www.maidlakyla.ee\/img\/uploads\/2023\/12\/8-2-300x212.jpg 300w, https:\/\/www.maidlakyla.ee\/img\/uploads\/2023\/12\/8-2-768x543.jpg 768w, https:\/\/www.maidlakyla.ee\/img\/uploads\/2023\/12\/8-2-1536x1086.jpg 1536w, https:\/\/www.maidlakyla.ee\/img\/uploads\/2023\/12\/8-2.jpg 2000w\" sizes=\"(max-width: 1024px) 100vw, 1024px\" \/><\/a><\/figure><\/li><li class=\"blocks-gallery-item\"><figure><a href=\"https:\/\/www.maidlakyla.ee\/img\/uploads\/2023\/12\/9-2.jpg\"><img loading=\"lazy\" decoding=\"async\" width=\"1024\" height=\"724\" src=\"https:\/\/www.maidlakyla.ee\/img\/uploads\/2023\/12\/9-2-1024x724.jpg\" alt=\"\" data-id=\"2516\" data-full-url=\"https:\/\/www.maidlakyla.ee\/img\/uploads\/2023\/12\/9-2.jpg\" data-link=\"https:\/\/www.maidlakyla.ee\/?attachment_id=2516\" class=\"wp-image-2516\" srcset=\"https:\/\/www.maidlakyla.ee\/img\/uploads\/2023\/12\/9-2-1024x724.jpg 1024w, https:\/\/www.maidlakyla.ee\/img\/uploads\/2023\/12\/9-2-300x212.jpg 300w, https:\/\/www.maidlakyla.ee\/img\/uploads\/2023\/12\/9-2-768x543.jpg 768w, https:\/\/www.maidlakyla.ee\/img\/uploads\/2023\/12\/9-2-1536x1086.jpg 1536w, https:\/\/www.maidlakyla.ee\/img\/uploads\/2023\/12\/9-2.jpg 2000w\" sizes=\"(max-width: 1024px) 100vw, 1024px\" \/><\/a><\/figure><\/li><li class=\"blocks-gallery-item\"><figure><a href=\"https:\/\/www.maidlakyla.ee\/img\/uploads\/2023\/12\/10-2.jpg\"><img loading=\"lazy\" decoding=\"async\" width=\"1024\" height=\"724\" src=\"https:\/\/www.maidlakyla.ee\/img\/uploads\/2023\/12\/10-2-1024x724.jpg\" alt=\"\" data-id=\"2517\" data-full-url=\"https:\/\/www.maidlakyla.ee\/img\/uploads\/2023\/12\/10-2.jpg\" data-link=\"https:\/\/www.maidlakyla.ee\/?attachment_id=2517\" class=\"wp-image-2517\" srcset=\"https:\/\/www.maidlakyla.ee\/img\/uploads\/2023\/12\/10-2-1024x724.jpg 1024w, https:\/\/www.maidlakyla.ee\/img\/uploads\/2023\/12\/10-2-300x212.jpg 300w, https:\/\/www.maidlakyla.ee\/img\/uploads\/2023\/12\/10-2-768x543.jpg 768w, https:\/\/www.maidlakyla.ee\/img\/uploads\/2023\/12\/10-2-1536x1086.jpg 1536w, https:\/\/www.maidlakyla.ee\/img\/uploads\/2023\/12\/10-2.jpg 2000w\" sizes=\"(max-width: 1024px) 100vw, 1024px\" \/><\/a><\/figure><\/li><li class=\"blocks-gallery-item\"><figure><a href=\"https:\/\/www.maidlakyla.ee\/img\/uploads\/2023\/12\/11-2.jpg\"><img loading=\"lazy\" decoding=\"async\" width=\"1024\" height=\"724\" src=\"https:\/\/www.maidlakyla.ee\/img\/uploads\/2023\/12\/11-2-1024x724.jpg\" alt=\"\" data-id=\"2518\" data-full-url=\"https:\/\/www.maidlakyla.ee\/img\/uploads\/2023\/12\/11-2.jpg\" data-link=\"https:\/\/www.maidlakyla.ee\/?attachment_id=2518\" class=\"wp-image-2518\" srcset=\"https:\/\/www.maidlakyla.ee\/img\/uploads\/2023\/12\/11-2-1024x724.jpg 1024w, https:\/\/www.maidlakyla.ee\/img\/uploads\/2023\/12\/11-2-300x212.jpg 300w, https:\/\/www.maidlakyla.ee\/img\/uploads\/2023\/12\/11-2-768x543.jpg 768w, https:\/\/www.maidlakyla.ee\/img\/uploads\/2023\/12\/11-2-1536x1086.jpg 1536w, https:\/\/www.maidlakyla.ee\/img\/uploads\/2023\/12\/11-2.jpg 2000w\" sizes=\"(max-width: 1024px) 100vw, 1024px\" \/><\/a><\/figure><\/li><li class=\"blocks-gallery-item\"><figure><a href=\"https:\/\/www.maidlakyla.ee\/img\/uploads\/2023\/12\/13-2.jpg\"><img loading=\"lazy\" decoding=\"async\" width=\"1024\" height=\"724\" src=\"https:\/\/www.maidlakyla.ee\/img\/uploads\/2023\/12\/13-2-1024x724.jpg\" alt=\"\" data-id=\"2520\" data-full-url=\"https:\/\/www.maidlakyla.ee\/img\/uploads\/2023\/12\/13-2.jpg\" data-link=\"https:\/\/www.maidlakyla.ee\/?attachment_id=2520\" class=\"wp-image-2520\" srcset=\"https:\/\/www.maidlakyla.ee\/img\/uploads\/2023\/12\/13-2-1024x724.jpg 1024w, https:\/\/www.maidlakyla.ee\/img\/uploads\/2023\/12\/13-2-300x212.jpg 300w, https:\/\/www.maidlakyla.ee\/img\/uploads\/2023\/12\/13-2-768x543.jpg 768w, https:\/\/www.maidlakyla.ee\/img\/uploads\/2023\/12\/13-2-1536x1086.jpg 1536w, https:\/\/www.maidlakyla.ee\/img\/uploads\/2023\/12\/13-2.jpg 2000w\" sizes=\"(max-width: 1024px) 100vw, 1024px\" \/><\/a><\/figure><\/li><li class=\"blocks-gallery-item\"><figure><a href=\"https:\/\/www.maidlakyla.ee\/img\/uploads\/2023\/12\/12-2.jpg\"><img loading=\"lazy\" decoding=\"async\" width=\"1024\" height=\"724\" src=\"https:\/\/www.maidlakyla.ee\/img\/uploads\/2023\/12\/12-2-1024x724.jpg\" alt=\"\" data-id=\"2519\" data-full-url=\"https:\/\/www.maidlakyla.ee\/img\/uploads\/2023\/12\/12-2.jpg\" data-link=\"https:\/\/www.maidlakyla.ee\/?attachment_id=2519\" class=\"wp-image-2519\" srcset=\"https:\/\/www.maidlakyla.ee\/img\/uploads\/2023\/12\/12-2-1024x724.jpg 1024w, https:\/\/www.maidlakyla.ee\/img\/uploads\/2023\/12\/12-2-300x212.jpg 300w, https:\/\/www.maidlakyla.ee\/img\/uploads\/2023\/12\/12-2-768x543.jpg 768w, https:\/\/www.maidlakyla.ee\/img\/uploads\/2023\/12\/12-2-1536x1086.jpg 1536w, https:\/\/www.maidlakyla.ee\/img\/uploads\/2023\/12\/12-2.jpg 2000w\" sizes=\"(max-width: 1024px) 100vw, 1024px\" \/><\/a><\/figure><\/li><li class=\"blocks-gallery-item\"><figure><a href=\"https:\/\/www.maidlakyla.ee\/img\/uploads\/2023\/12\/5-1.jpg\"><img loading=\"lazy\" decoding=\"async\" width=\"1024\" height=\"724\" src=\"https:\/\/www.maidlakyla.ee\/img\/uploads\/2023\/12\/5-1-1024x724.jpg\" alt=\"\" data-id=\"2512\" data-full-url=\"https:\/\/www.maidlakyla.ee\/img\/uploads\/2023\/12\/5-1.jpg\" data-link=\"https:\/\/www.maidlakyla.ee\/?attachment_id=2512\" class=\"wp-image-2512\" srcset=\"https:\/\/www.maidlakyla.ee\/img\/uploads\/2023\/12\/5-1-1024x724.jpg 1024w, https:\/\/www.maidlakyla.ee\/img\/uploads\/2023\/12\/5-1-300x212.jpg 300w, https:\/\/www.maidlakyla.ee\/img\/uploads\/2023\/12\/5-1-768x543.jpg 768w, https:\/\/www.maidlakyla.ee\/img\/uploads\/2023\/12\/5-1-1536x1086.jpg 1536w, https:\/\/www.maidlakyla.ee\/img\/uploads\/2023\/12\/5-1.jpg 2000w\" sizes=\"(max-width: 1024px) 100vw, 1024px\" \/><\/a><\/figure><\/li><\/ul><\/figure>\n<\/div>\n<\/div>\n<\/div><\/div>\n\n\n\n<p><\/p>\n\n\n\n<figure class=\"wp-block-image size-large\"><a href=\"https:\/\/www.maidlakyla.ee\/img\/uploads\/2023\/12\/a4-plakat.jpg\"><img loading=\"lazy\" decoding=\"async\" width=\"642\" height=\"1024\" src=\"https:\/\/www.maidlakyla.ee\/img\/uploads\/2023\/12\/a4-plakat-642x1024.jpg\" alt=\"\" class=\"wp-image-2521\" srcset=\"https:\/\/www.maidlakyla.ee\/img\/uploads\/2023\/12\/a4-plakat-642x1024.jpg 642w, https:\/\/www.maidlakyla.ee\/img\/uploads\/2023\/12\/a4-plakat-188x300.jpg 188w, https:\/\/www.maidlakyla.ee\/img\/uploads\/2023\/12\/a4-plakat-768x1226.jpg 768w, https:\/\/www.maidlakyla.ee\/img\/uploads\/2023\/12\/a4-plakat-962x1536.jpg 962w, https:\/\/www.maidlakyla.ee\/img\/uploads\/2023\/12\/a4-plakat.jpg 1283w\" sizes=\"(max-width: 642px) 100vw, 642px\" \/><\/a><\/figure>\n","protected":false},"excerpt":{"rendered":"<p>MT\u00dc Maidla K\u00fclaselts kutsub ka sel aastal Maidla ja P\u00e4rinurme k\u00fclasid j\u00f5ulur\u00fc\u00fcsse s\u00e4ttima. Ootame perekondasid, s\u00f5pruskondi, ettev\u00f5tteid ning meie k\u00fclade s\u00f5pru Maidlasse ja P\u00e4rinurme kaunistusi \u00fcles seadma. J\u00f5ulur\u00fc\u00fcsse s\u00e4ttimine toimus esimest korda 2022. aastal ning Nurgakivi saade k\u00e4is kohapeal kaunistusi &hellip; <a href=\"https:\/\/www.maidlakyla.ee\/?page_id=2441\">J\u00e4tka lugemist <span class=\"meta-nav\">&rarr;<\/span><\/a><\/p>\n","protected":false},"author":1,"featured_media":0,"parent":2328,"menu_order":1,"comment_status":"closed","ping_status":"closed","template":"","meta":{"footnotes":""},"_links":{"self":[{"href":"https:\/\/www.maidlakyla.ee\/index.php?rest_route=\/wp\/v2\/pages\/2441"}],"collection":[{"href":"https:\/\/www.maidlakyla.ee\/index.php?rest_route=\/wp\/v2\/pages"}],"about":[{"href":"https:\/\/www.maidlakyla.ee\/index.php?rest_route=\/wp\/v2\/types\/page"}],"author":[{"embeddable":true,"href":"https:\/\/www.maidlakyla.ee\/index.php?rest_route=\/wp\/v2\/users\/1"}],"replies":[{"embeddable":true,"href":"https:\/\/www.maidlakyla.ee\/index.php?rest_route=%2Fwp%2Fv2%2Fcomments&post=2441"}],"version-history":[{"count":12,"href":"https:\/\/www.maidlakyla.ee\/index.php?rest_route=\/wp\/v2\/pages\/2441\/revisions"}],"predecessor-version":[{"id":2522,"href":"https:\/\/www.maidlakyla.ee\/index.php?rest_route=\/wp\/v2\/pages\/2441\/revisions\/2522"}],"up":[{"embeddable":true,"href":"https:\/\/www.maidlakyla.ee\/index.php?rest_route=\/wp\/v2\/pages\/2328"}],"wp:attachment":[{"href":"https:\/\/www.maidlakyla.ee\/index.php?rest_route=%2Fwp%2Fv2%2Fmedia&parent=2441"}],"curies":[{"name":"wp","href":"https:\/\/api.w.org\/{rel}","templated":true}]}}