{"id":2381,"date":"2023-05-26T10:24:34","date_gmt":"2023-05-26T08:24:34","guid":{"rendered":"https:\/\/www.maidlakyla.ee\/?page_id=2381"},"modified":"2024-11-12T23:45:26","modified_gmt":"2024-11-12T21:45:26","slug":"maidla-ja-parinurme-kulade-kohvikutepaev","status":"publish","type":"page","link":"https:\/\/www.maidlakyla.ee\/?page_id=2381","title":{"rendered":"Maidla ja P\u00e4rinurme k\u00fclade kohvikutep\u00e4ev"},"content":{"rendered":"\n<figure class=\"wp-block-image size-large is-resized\"><a href=\"https:\/\/www.maidlakyla.ee\/img\/uploads\/2023\/05\/uus_FB_pais_kohvikud_reg.png\"><img loading=\"lazy\" decoding=\"async\" src=\"https:\/\/www.maidlakyla.ee\/img\/uploads\/2023\/05\/uus_FB_pais_kohvikud_reg-1024x576.png\" alt=\"\" class=\"wp-image-2404\" width=\"659\" height=\"370\" srcset=\"https:\/\/www.maidlakyla.ee\/img\/uploads\/2023\/05\/uus_FB_pais_kohvikud_reg-1024x576.png 1024w, https:\/\/www.maidlakyla.ee\/img\/uploads\/2023\/05\/uus_FB_pais_kohvikud_reg-300x169.png 300w, https:\/\/www.maidlakyla.ee\/img\/uploads\/2023\/05\/uus_FB_pais_kohvikud_reg-768x432.png 768w, https:\/\/www.maidlakyla.ee\/img\/uploads\/2023\/05\/uus_FB_pais_kohvikud_reg-1536x864.png 1536w, https:\/\/www.maidlakyla.ee\/img\/uploads\/2023\/05\/uus_FB_pais_kohvikud_reg.png 1920w\" sizes=\"(max-width: 659px) 100vw, 659px\" \/><\/a><\/figure>\n\n\n\n<p>01.07.2023 toimub Maidla ja P\u00e4rinurme esimene kohvikutep\u00e4ev. Huvilistel on v\u00f5imalik avada oma hoovid k\u00fclalistele ning katta lauad hea ja paremaga. Kohvikutesse on oodatud nii meie k\u00fclade inimesed kui ka k\u00fclalised kaugemalt.<\/p>\n\n\n\n<p class=\"has-text-align-center\"><strong>Kodulehel uueneb teave kohvikute kohta jooksvalt. Paralleelselt saab teavet \u00fcrituse <a rel=\"noreferrer noopener\" href=\"https:\/\/www.facebook.com\/events\/219575957539574\" data-type=\"URL\" data-id=\"https:\/\/www.facebook.com\/events\/219575957539574\" target=\"_blank\">Facebooki lehelt<\/a>.<\/strong><\/p>\n\n\n\n<p class=\"has-text-align-center\"><strong>Kohvikute kaardid on nii saadaval kohvikutest kui ka mobiiltelefoni rakendusest Navicup nimega &#8220;Maidla ja P\u00e4rinurme kohvikutep\u00e4ev (1)&#8221; ning veebilehelt <a rel=\"noreferrer noopener\" href=\"https:\/\/navicup.com\/event\/maidla-ja-parinurme-kohvikutepaev-1\" target=\"_blank\">https:\/\/navicup.com\/event\/maidla-ja-parinurme-kohvikutepaev-1<\/a><br>Kohvikutes jagatavatel kaartidel on taga v\u00e4ike m\u00e4ng, mis suunab k\u00fclastama k\u00f5iki kohvikuid ja vihjete j\u00e4rgi k\u00fcla avastama. <br>\u00d5hupallid viitavad \u00f5igetele kohtadele ja kohvikutele \ud83d\ude42<\/strong><\/p>\n\n\n\n<p><\/p>\n\n\n\n<p>REGISTREERUNUD KOHVIKUD:<\/p>\n\n\n\n<p> \u2022 Suvekohvik &#8220;Maal vanaema juures&#8221; <br>Asukoht: Saue vald, P\u00e4rinurme k\u00fcla, Kivisilla talu<br>Kirjeldus: Ja t\u00f5esti, nii on &#8211; ootame k\u00f5iki kohvikugurmaane ja maaelu nautlejaid meie armsasse kohvikuhoovi m\u00f5nulema juba 1. juulil.Meie eesm\u00e4rgiks on lisaks m\u00f5nusale k\u00f5hut\u00e4iele pakkuda peredele ka erinevaid toredaid tegevusi ning tuua teieni t\u00fckikene nostalgiat.Vanaema on \u00fcles putitanud ka oma kaks kallist trakatsit, kus lapsed saavad ka roolida &#8211; turvalisuse tagavad lapsevanemad ise:)Kuked-kanad siblivad meil ka ja neile on tore viljateri ja kapsast aiaaugust anda. Loomulikult on v\u00f5imalus soetada ka nende pesasooja toodangut&nbsp;<img loading=\"lazy\" decoding=\"async\" height=\"16\" width=\"16\" alt=\"&#x1f414;\" src=\"https:\/\/static.xx.fbcdn.net\/images\/emoji.php\/v9\/tef\/1\/16\/1f414.png\">\u00dcritus toimub vana rehi hoovis ja terve p\u00e4eva jooksul on v\u00f5imalus tutvuda vanade puut\u00f6\u00f6riistadega.K\u00f5igil on v\u00f5imalus vanaemaga fotoseina \u00e4\u00e4res ka pilti teha, muidugi p\u00e4rast seda, kui kartulakorv on t\u00e4is korjatud. Ikka nii nagu vanasti &#8211; enne t\u00f6\u00f6, siis pillerkaar:)Enne v\u00f5i p\u00e4rast kohvikut saate avastada meie kaunist loodust siin Maidla ja P\u00e4rinurme k\u00fclas. Ega selleks palju vihjeid polegi vaja &#8211; meist 2 km kaugusel on suvitajate lemmik Maidla j\u00e4rv, mille \u00fcmber paikneb nii v\u00e4lij\u00f5usaal, kui lastele m\u00e4nguv\u00e4ljak liivarannas:)<br>OLE KOHAL V\u00d5I OLE KOHAL&nbsp;<br>Facebooki link: <a rel=\"noreferrer noopener\" href=\"https:\/\/www.facebook.com\/events\/1661925330944660\/?ref=newsfeed\" target=\"_blank\">https:\/\/www.facebook.com\/events\/1661925330944660\/?ref=newsfeed <\/a><\/p>\n\n\n\n<figure class=\"wp-block-image size-large\"><a href=\"https:\/\/www.maidlakyla.ee\/img\/uploads\/2023\/06\/maal-vanaema-juures.jpg\"><img loading=\"lazy\" decoding=\"async\" width=\"724\" height=\"1024\" src=\"https:\/\/www.maidlakyla.ee\/img\/uploads\/2023\/06\/maal-vanaema-juures-724x1024.jpg\" alt=\"\" class=\"wp-image-2413\" srcset=\"https:\/\/www.maidlakyla.ee\/img\/uploads\/2023\/06\/maal-vanaema-juures-724x1024.jpg 724w, https:\/\/www.maidlakyla.ee\/img\/uploads\/2023\/06\/maal-vanaema-juures-212x300.jpg 212w, https:\/\/www.maidlakyla.ee\/img\/uploads\/2023\/06\/maal-vanaema-juures-768x1086.jpg 768w, https:\/\/www.maidlakyla.ee\/img\/uploads\/2023\/06\/maal-vanaema-juures-1086x1536.jpg 1086w, https:\/\/www.maidlakyla.ee\/img\/uploads\/2023\/06\/maal-vanaema-juures.jpg 1448w\" sizes=\"(max-width: 724px) 100vw, 724px\" \/><\/a><\/figure>\n\n\n\n<p> \u2022  Lihamagnaadi BBQ <br>Asukoht: Saue vald, Maidla k\u00fcla, Urumarja 19<br>Kirjeldus: Maidla ja P\u00e4rinurme k\u00fclade kodukohvikute p\u00e4eva raames l\u00f6\u00f6n ka enda hoovi pisikese puhveti p\u00fcsti.<br>Astu aga lahkelt ligi ja tule proovi otse ahjust kuuma ja \u00fclipehmet sea bbq-ribi ning kaelakarbonaadi. Nagu aeg on n\u00e4idanud, siis toodet jagub vaid kiirematele. &#x1f601;<br>Liha k\u00f5rvale pakume ka friikartuleid, coleslaw salatit ja jahutavat kodukootud morssi, lastepraad vinkude ja nagitsatega, letilt ei puudu ka kook ja kohv.<br>Kohale j\u00f5uad lihtsamini, kui Waze kirjutad Lihamagnaat.<br>Meil on kaardimakse v\u00f5imalus!<br>Facebooki link: <a rel=\"noreferrer noopener\" href=\"https:\/\/fb.me\/e\/5BYdbG936\" target=\"_blank\">https:\/\/fb.me\/e\/5BYdbG936<\/a><\/p>\n\n\n\n<figure class=\"wp-block-image size-large\"><a href=\"https:\/\/www.maidlakyla.ee\/img\/uploads\/2023\/06\/BBQ.jpg\"><img loading=\"lazy\" decoding=\"async\" width=\"1024\" height=\"576\" src=\"https:\/\/www.maidlakyla.ee\/img\/uploads\/2023\/06\/BBQ-1024x576.jpg\" alt=\"\" class=\"wp-image-2420\" srcset=\"https:\/\/www.maidlakyla.ee\/img\/uploads\/2023\/06\/BBQ-1024x576.jpg 1024w, https:\/\/www.maidlakyla.ee\/img\/uploads\/2023\/06\/BBQ-300x169.jpg 300w, https:\/\/www.maidlakyla.ee\/img\/uploads\/2023\/06\/BBQ-768x432.jpg 768w, https:\/\/www.maidlakyla.ee\/img\/uploads\/2023\/06\/BBQ-1536x864.jpg 1536w, https:\/\/www.maidlakyla.ee\/img\/uploads\/2023\/06\/BBQ.jpg 1920w\" sizes=\"(max-width: 1024px) 100vw, 1024px\" \/><\/a><\/figure>\n\n\n\n<p>  \u2022  \u00c4\u00e4sm\u00e4e K\u00fclaplatsi Kohvik<br>Asukoht: Maidla j\u00e4rv<br>Kirjeldus: Kohtume juba laup\u00e4eval Maidla j\u00e4rve kaldal Maidla ja P\u00e4rinurme kohvikutep\u00e4eval. Seekord oleme kohal vahva pirukabussiga ja pakume nagu ainult head ja paremat &#x1f642;<br>Facebooki link: <a rel=\"noreferrer noopener\" href=\"https:\/\/www.facebook.com\/Kylaplatsikohvik\" target=\"_blank\">https:\/\/www.facebook.com\/Kylaplatsikohvik<\/a> ja <a rel=\"noreferrer noopener\" href=\"https:\/\/www.facebook.com\/events\/663890939086080\/\" target=\"_blank\">https:\/\/www.facebook.com\/events\/663890939086080\/<\/a> <\/p>\n\n\n\n<figure class=\"wp-block-image size-large is-resized\"><a href=\"https:\/\/www.maidlakyla.ee\/img\/uploads\/2023\/06\/AASMAE-2.jpg\"><img loading=\"lazy\" decoding=\"async\" src=\"https:\/\/www.maidlakyla.ee\/img\/uploads\/2023\/06\/AASMAE-2-1024x1024.jpg\" alt=\"\" class=\"wp-image-2425\" width=\"571\" height=\"571\" srcset=\"https:\/\/www.maidlakyla.ee\/img\/uploads\/2023\/06\/AASMAE-2-1024x1024.jpg 1024w, https:\/\/www.maidlakyla.ee\/img\/uploads\/2023\/06\/AASMAE-2-300x300.jpg 300w, https:\/\/www.maidlakyla.ee\/img\/uploads\/2023\/06\/AASMAE-2-150x150.jpg 150w, https:\/\/www.maidlakyla.ee\/img\/uploads\/2023\/06\/AASMAE-2-768x768.jpg 768w, https:\/\/www.maidlakyla.ee\/img\/uploads\/2023\/06\/AASMAE-2.jpg 1181w\" sizes=\"(max-width: 571px) 100vw, 571px\" \/><\/a><\/figure>\n\n\n\n<p><\/p>\n\n\n\n<p>REGISTREERIMINE<\/p>\n\n\n\n<p>\u2022 Kohviku v\u00f5ib avada nii oma hoovis kui ka Maidla k\u00fclaseltsi \u00f5uel, Maidla terviserajal v\u00f5i Maidla j\u00e4rve \u00e4\u00e4res.<br> \u2022  Kohvikud on avatud ajavahemikul kell 12.00-20.00<br>\u2022 Kui otsid seltsilist, kellega koos kohvik avada, siis m\u00e4rgi oma soov registreerumise ankeedil<br>\u2022 Kodukohvikute registreerimise link asub <a rel=\"noreferrer noopener\" href=\"https:\/\/forms.gle\/PTYWAm2xjevfP1Cz7\" data-type=\"URL\" data-id=\"https:\/\/forms.gle\/PTYWAm2xjevfP1Cz7\" target=\"_blank\">SIIN<\/a> <br>\u2022 Osalejale meeldetuletuseks &#8211; loo oma kohvikule \u00fcritus Facebookis, mida saame jagada.<br>\u2022 Soovi korral v\u00f5id lisaks kohvikule teha n\u00e4iteks kellaajalisi ringl\u00e4ike oma hoovis, teha t\u00f6\u00f6tuba v\u00f5i rikastada toiduelamust oma muusikaliste oskustega<\/p>\n\n\n\n<p><strong>Registreerumine kuni 19.06.2023!<\/strong><\/p>\n\n\n\n<p><br>K\u00dcLALISTELE<\/p>\n\n\n\n<p>Kohvikutele tehakse Facebookis eraldi \u00fcrituse lehed. V\u00f5imalusel palun m\u00e4rgi, kas oled kohvikut k\u00fclastamas. Selliselt on kohvikute pidajatel lihtsam ettevalmistusi teha.<\/p>\n\n\n\n<p>Kohvikute kaardid tulevad nii tr\u00fckitult kui virtuaalsel kujul, nende j\u00e4rgi on mugav orienteeruda ning infot kohvikutes pakutava kohta.<\/p>\n\n\n\n<p>Kaardid on leitavad hiljemalt n\u00e4dal enne kohvikutep\u00e4eva:<br>\u2022 Navicup \u00e4pis v\u00f5i kodulehel <a rel=\"noreferrer noopener\" href=\"https:\/\/l.facebook.com\/l.php?u=http%3A%2F%2Fnavicup.com%2F%3Ffbclid%3DIwAR1jUZobJTZ7iUjd5ynfITWN-_TnLCx6wQ3YykiByQrgQ-Z5ntf6bs1BgYM&amp;h=AT1Y2MaCytTjQKewTtnb7Rk3fQ-2_OUso_xM5dwpm9ZI8LuULNB-iwSpLZrhNmAh_UI1OmgyIuIOMF1x1QvAajEIgoR0q9m0uMPRk1btXNvt39OF6knFDC9IIUgkDya9C-DaDJ13-VejVelW2w&amp;__tn__=q&amp;c[0]=AT2fo3eYe9QnfLA7fP0aHrpl_q3koo4YAs8QGvgOJHJm7SbeE625AOwQxk810avIRvEGgtB3a731LtBz85u_dm1RADcrfjFrH46wh4fMyM26eMFaLoW4g4DfWQnHmOHsds--MMrD7Rgq49lZolWI_SI7_CRz\" target=\"_blank\">navicup.com<\/a><br>\u2022 Maidla m\u00f5isa ja Trelli tee bussipeatuste ning Maidla k\u00fclaseltsi infostendidelt<br>\u2022 v\u00e4ljatr\u00fckkimiseks \u00fcrituse Facebooki lehelt<br>\u2022 1. juulil kohvikutest<\/p>\n\n\n\n<p><\/p>\n\n\n\n<p>K\u00dcSIMUSED<br>K\u00fcsimuste korral saada e-kiri aadressil sandra.ounap@gmail.com<\/p>\n\n\n\n<p><\/p>\n","protected":false},"excerpt":{"rendered":"<p>01.07.2023 toimub Maidla ja P\u00e4rinurme esimene kohvikutep\u00e4ev. Huvilistel on v\u00f5imalik avada oma hoovid k\u00fclalistele ning katta lauad hea ja paremaga. Kohvikutesse on oodatud nii meie k\u00fclade inimesed kui ka k\u00fclalised kaugemalt. Kodulehel uueneb teave kohvikute kohta jooksvalt. Paralleelselt saab teavet &hellip; <a href=\"https:\/\/www.maidlakyla.ee\/?page_id=2381\">J\u00e4tka lugemist <span class=\"meta-nav\">&rarr;<\/span><\/a><\/p>\n","protected":false},"author":1,"featured_media":0,"parent":2328,"menu_order":0,"comment_status":"closed","ping_status":"closed","template":"","meta":{"footnotes":""},"_links":{"self":[{"href":"https:\/\/www.maidlakyla.ee\/index.php?rest_route=\/wp\/v2\/pages\/2381"}],"collection":[{"href":"https:\/\/www.maidlakyla.ee\/index.php?rest_route=\/wp\/v2\/pages"}],"about":[{"href":"https:\/\/www.maidlakyla.ee\/index.php?rest_route=\/wp\/v2\/types\/page"}],"author":[{"embeddable":true,"href":"https:\/\/www.maidlakyla.ee\/index.php?rest_route=\/wp\/v2\/users\/1"}],"replies":[{"embeddable":true,"href":"https:\/\/www.maidlakyla.ee\/index.php?rest_route=%2Fwp%2Fv2%2Fcomments&post=2381"}],"version-history":[{"count":25,"href":"https:\/\/www.maidlakyla.ee\/index.php?rest_route=\/wp\/v2\/pages\/2381\/revisions"}],"predecessor-version":[{"id":2433,"href":"https:\/\/www.maidlakyla.ee\/index.php?rest_route=\/wp\/v2\/pages\/2381\/revisions\/2433"}],"up":[{"embeddable":true,"href":"https:\/\/www.maidlakyla.ee\/index.php?rest_route=\/wp\/v2\/pages\/2328"}],"wp:attachment":[{"href":"https:\/\/www.maidlakyla.ee\/index.php?rest_route=%2Fwp%2Fv2%2Fmedia&parent=2381"}],"curies":[{"name":"wp","href":"https:\/\/api.w.org\/{rel}","templated":true}]}}