{"id":2371,"date":"2022-10-31T20:42:24","date_gmt":"2022-10-31T18:42:24","guid":{"rendered":"https:\/\/www.maidlakyla.ee\/?page_id=2371"},"modified":"2024-11-12T23:45:33","modified_gmt":"2024-11-12T21:45:33","slug":"maidla-ja-parinurme-jouluruus","status":"publish","type":"page","link":"https:\/\/www.maidlakyla.ee\/?page_id=2371","title":{"rendered":"Maidla ja P\u00e4rinurme j\u00f5ulur\u00fc\u00fcs 2022"},"content":{"rendered":"\n<p>2022. aastal s\u00e4titi esimest korda \u00fchiselt k\u00fclad j\u00f5ulur\u00fc\u00fcsse. Pildid k\u00f5igist osalejatest on toodud v\u00e4lja all olevas galeriis ning lisaks on v\u00f5imalik kaunistusi n\u00e4ha Nurgakivi saates (alates 22:25):&nbsp;<a href=\"https:\/\/play.tv3.ee\/shows\/nurgakivi,serial-2547938\/osa-16,episode-4984163?fbclid=IwAR3hkIc-6wwfFtevqTffR4rIHwqSRmARMhRNIj4UcMLn1OYvIDT_qazlIcQ\">https:\/\/play.tv3.ee\/shows\/nurgakivi,serial-2547938\/osa-16,episode-4984163?fbclid=IwAR3hkIc-6wwfFtevqTffR4rIHwqSRmARMhRNIj4UcMLn1OYvIDT_qazlIcQ<\/a><\/p>\n\n\n\n<p><\/p>\n\n\n\n<div class=\"wp-block-group has-white-color has-white-background-color has-text-color has-background is-layout-flow wp-block-group-is-layout-flow\"><div class=\"wp-block-group__inner-container\">\n<figure class=\"wp-block-gallery aligncenter columns-3 is-cropped wp-block-gallery-1 is-layout-flex wp-block-gallery-is-layout-flex\"><ul class=\"blocks-gallery-grid\"><li class=\"blocks-gallery-item\"><figure><a href=\"https:\/\/www.maidlakyla.ee\/img\/uploads\/2023\/10\/aisakellad.jpg\"><img loading=\"lazy\" decoding=\"async\" width=\"1024\" height=\"819\" src=\"https:\/\/www.maidlakyla.ee\/img\/uploads\/2023\/10\/aisakellad-1024x819.jpg\" alt=\"\" data-id=\"2445\" data-full-url=\"https:\/\/www.maidlakyla.ee\/img\/uploads\/2023\/10\/aisakellad.jpg\" data-link=\"https:\/\/www.maidlakyla.ee\/?attachment_id=2445\" class=\"wp-image-2445\" srcset=\"https:\/\/www.maidlakyla.ee\/img\/uploads\/2023\/10\/aisakellad-1024x819.jpg 1024w, https:\/\/www.maidlakyla.ee\/img\/uploads\/2023\/10\/aisakellad-300x240.jpg 300w, https:\/\/www.maidlakyla.ee\/img\/uploads\/2023\/10\/aisakellad-768x614.jpg 768w, https:\/\/www.maidlakyla.ee\/img\/uploads\/2023\/10\/aisakellad-1536x1229.jpg 1536w, https:\/\/www.maidlakyla.ee\/img\/uploads\/2023\/10\/aisakellad.jpg 2000w\" sizes=\"(max-width: 1024px) 100vw, 1024px\" \/><\/a><\/figure><\/li><li class=\"blocks-gallery-item\"><figure><a href=\"https:\/\/www.maidlakyla.ee\/img\/uploads\/2023\/10\/jouludeootus.jpg\"><img loading=\"lazy\" decoding=\"async\" width=\"1024\" height=\"819\" src=\"https:\/\/www.maidlakyla.ee\/img\/uploads\/2023\/10\/jouludeootus-1024x819.jpg\" alt=\"\" data-id=\"2446\" data-full-url=\"https:\/\/www.maidlakyla.ee\/img\/uploads\/2023\/10\/jouludeootus.jpg\" data-link=\"https:\/\/www.maidlakyla.ee\/?attachment_id=2446\" class=\"wp-image-2446\" srcset=\"https:\/\/www.maidlakyla.ee\/img\/uploads\/2023\/10\/jouludeootus-1024x819.jpg 1024w, https:\/\/www.maidlakyla.ee\/img\/uploads\/2023\/10\/jouludeootus-300x240.jpg 300w, https:\/\/www.maidlakyla.ee\/img\/uploads\/2023\/10\/jouludeootus-768x614.jpg 768w, https:\/\/www.maidlakyla.ee\/img\/uploads\/2023\/10\/jouludeootus-1536x1229.jpg 1536w, https:\/\/www.maidlakyla.ee\/img\/uploads\/2023\/10\/jouludeootus.jpg 2000w\" sizes=\"(max-width: 1024px) 100vw, 1024px\" \/><\/a><\/figure><\/li><li class=\"blocks-gallery-item\"><figure><a href=\"https:\/\/www.maidlakyla.ee\/img\/uploads\/2023\/10\/joulumaa.jpg\"><img loading=\"lazy\" decoding=\"async\" width=\"1024\" height=\"819\" src=\"https:\/\/www.maidlakyla.ee\/img\/uploads\/2023\/10\/joulumaa-1024x819.jpg\" alt=\"\" data-id=\"2447\" data-full-url=\"https:\/\/www.maidlakyla.ee\/img\/uploads\/2023\/10\/joulumaa.jpg\" data-link=\"https:\/\/www.maidlakyla.ee\/?attachment_id=2447\" class=\"wp-image-2447\" srcset=\"https:\/\/www.maidlakyla.ee\/img\/uploads\/2023\/10\/joulumaa-1024x819.jpg 1024w, https:\/\/www.maidlakyla.ee\/img\/uploads\/2023\/10\/joulumaa-300x240.jpg 300w, https:\/\/www.maidlakyla.ee\/img\/uploads\/2023\/10\/joulumaa-768x614.jpg 768w, https:\/\/www.maidlakyla.ee\/img\/uploads\/2023\/10\/joulumaa-1536x1229.jpg 1536w, https:\/\/www.maidlakyla.ee\/img\/uploads\/2023\/10\/joulumaa.jpg 2000w\" sizes=\"(max-width: 1024px) 100vw, 1024px\" \/><\/a><\/figure><\/li><li class=\"blocks-gallery-item\"><figure><a href=\"https:\/\/www.maidlakyla.ee\/img\/uploads\/2023\/10\/joulupuu.jpg\"><img loading=\"lazy\" decoding=\"async\" width=\"1024\" height=\"819\" src=\"https:\/\/www.maidlakyla.ee\/img\/uploads\/2023\/10\/joulupuu-1024x819.jpg\" alt=\"\" data-id=\"2448\" data-full-url=\"https:\/\/www.maidlakyla.ee\/img\/uploads\/2023\/10\/joulupuu.jpg\" data-link=\"https:\/\/www.maidlakyla.ee\/?attachment_id=2448\" class=\"wp-image-2448\" srcset=\"https:\/\/www.maidlakyla.ee\/img\/uploads\/2023\/10\/joulupuu-1024x819.jpg 1024w, https:\/\/www.maidlakyla.ee\/img\/uploads\/2023\/10\/joulupuu-300x240.jpg 300w, https:\/\/www.maidlakyla.ee\/img\/uploads\/2023\/10\/joulupuu-768x614.jpg 768w, https:\/\/www.maidlakyla.ee\/img\/uploads\/2023\/10\/joulupuu-1536x1229.jpg 1536w, https:\/\/www.maidlakyla.ee\/img\/uploads\/2023\/10\/joulupuu.jpg 2000w\" sizes=\"(max-width: 1024px) 100vw, 1024px\" \/><\/a><\/figure><\/li><li class=\"blocks-gallery-item\"><figure><a href=\"https:\/\/www.maidlakyla.ee\/img\/uploads\/2023\/10\/joulusara.jpg\"><img loading=\"lazy\" decoding=\"async\" width=\"1024\" height=\"819\" src=\"https:\/\/www.maidlakyla.ee\/img\/uploads\/2023\/10\/joulusara-1024x819.jpg\" alt=\"\" data-id=\"2449\" data-full-url=\"https:\/\/www.maidlakyla.ee\/img\/uploads\/2023\/10\/joulusara.jpg\" data-link=\"https:\/\/www.maidlakyla.ee\/?attachment_id=2449\" class=\"wp-image-2449\" srcset=\"https:\/\/www.maidlakyla.ee\/img\/uploads\/2023\/10\/joulusara-1024x819.jpg 1024w, https:\/\/www.maidlakyla.ee\/img\/uploads\/2023\/10\/joulusara-300x240.jpg 300w, https:\/\/www.maidlakyla.ee\/img\/uploads\/2023\/10\/joulusara-768x614.jpg 768w, https:\/\/www.maidlakyla.ee\/img\/uploads\/2023\/10\/joulusara-1536x1229.jpg 1536w, https:\/\/www.maidlakyla.ee\/img\/uploads\/2023\/10\/joulusara.jpg 2000w\" sizes=\"(max-width: 1024px) 100vw, 1024px\" \/><\/a><\/figure><\/li><li class=\"blocks-gallery-item\"><figure><a href=\"https:\/\/www.maidlakyla.ee\/img\/uploads\/2023\/10\/joulutraktor.jpg\"><img loading=\"lazy\" decoding=\"async\" width=\"1024\" height=\"819\" src=\"https:\/\/www.maidlakyla.ee\/img\/uploads\/2023\/10\/joulutraktor-1024x819.jpg\" alt=\"\" data-id=\"2450\" data-full-url=\"https:\/\/www.maidlakyla.ee\/img\/uploads\/2023\/10\/joulutraktor.jpg\" data-link=\"https:\/\/www.maidlakyla.ee\/?attachment_id=2450\" class=\"wp-image-2450\" srcset=\"https:\/\/www.maidlakyla.ee\/img\/uploads\/2023\/10\/joulutraktor-1024x819.jpg 1024w, https:\/\/www.maidlakyla.ee\/img\/uploads\/2023\/10\/joulutraktor-300x240.jpg 300w, https:\/\/www.maidlakyla.ee\/img\/uploads\/2023\/10\/joulutraktor-768x614.jpg 768w, https:\/\/www.maidlakyla.ee\/img\/uploads\/2023\/10\/joulutraktor-1536x1229.jpg 1536w, https:\/\/www.maidlakyla.ee\/img\/uploads\/2023\/10\/joulutraktor.jpg 2000w\" sizes=\"(max-width: 1024px) 100vw, 1024px\" \/><\/a><\/figure><\/li><li class=\"blocks-gallery-item\"><figure><a href=\"https:\/\/www.maidlakyla.ee\/img\/uploads\/2023\/10\/jouluvana.jpg\"><img loading=\"lazy\" decoding=\"async\" width=\"1024\" height=\"819\" src=\"https:\/\/www.maidlakyla.ee\/img\/uploads\/2023\/10\/jouluvana-1024x819.jpg\" alt=\"\" data-id=\"2451\" data-full-url=\"https:\/\/www.maidlakyla.ee\/img\/uploads\/2023\/10\/jouluvana.jpg\" data-link=\"https:\/\/www.maidlakyla.ee\/?attachment_id=2451\" class=\"wp-image-2451\" srcset=\"https:\/\/www.maidlakyla.ee\/img\/uploads\/2023\/10\/jouluvana-1024x819.jpg 1024w, https:\/\/www.maidlakyla.ee\/img\/uploads\/2023\/10\/jouluvana-300x240.jpg 300w, https:\/\/www.maidlakyla.ee\/img\/uploads\/2023\/10\/jouluvana-768x614.jpg 768w, https:\/\/www.maidlakyla.ee\/img\/uploads\/2023\/10\/jouluvana-1536x1229.jpg 1536w, https:\/\/www.maidlakyla.ee\/img\/uploads\/2023\/10\/jouluvana.jpg 2000w\" sizes=\"(max-width: 1024px) 100vw, 1024px\" \/><\/a><\/figure><\/li><li class=\"blocks-gallery-item\"><figure><a href=\"https:\/\/www.maidlakyla.ee\/img\/uploads\/2023\/10\/lumememmed.jpg\"><img loading=\"lazy\" decoding=\"async\" width=\"1024\" height=\"819\" src=\"https:\/\/www.maidlakyla.ee\/img\/uploads\/2023\/10\/lumememmed-1024x819.jpg\" alt=\"\" data-id=\"2452\" data-full-url=\"https:\/\/www.maidlakyla.ee\/img\/uploads\/2023\/10\/lumememmed.jpg\" data-link=\"https:\/\/www.maidlakyla.ee\/?attachment_id=2452\" class=\"wp-image-2452\" srcset=\"https:\/\/www.maidlakyla.ee\/img\/uploads\/2023\/10\/lumememmed-1024x819.jpg 1024w, https:\/\/www.maidlakyla.ee\/img\/uploads\/2023\/10\/lumememmed-300x240.jpg 300w, https:\/\/www.maidlakyla.ee\/img\/uploads\/2023\/10\/lumememmed-768x614.jpg 768w, https:\/\/www.maidlakyla.ee\/img\/uploads\/2023\/10\/lumememmed-1536x1229.jpg 1536w, https:\/\/www.maidlakyla.ee\/img\/uploads\/2023\/10\/lumememmed.jpg 2000w\" sizes=\"(max-width: 1024px) 100vw, 1024px\" \/><\/a><\/figure><\/li><li class=\"blocks-gallery-item\"><figure><a href=\"https:\/\/www.maidlakyla.ee\/img\/uploads\/2023\/10\/maidlanomme.jpg\"><img loading=\"lazy\" decoding=\"async\" width=\"1024\" height=\"819\" src=\"https:\/\/www.maidlakyla.ee\/img\/uploads\/2023\/10\/maidlanomme-1024x819.jpg\" alt=\"\" data-id=\"2453\" data-full-url=\"https:\/\/www.maidlakyla.ee\/img\/uploads\/2023\/10\/maidlanomme.jpg\" data-link=\"https:\/\/www.maidlakyla.ee\/?attachment_id=2453\" class=\"wp-image-2453\" srcset=\"https:\/\/www.maidlakyla.ee\/img\/uploads\/2023\/10\/maidlanomme-1024x819.jpg 1024w, https:\/\/www.maidlakyla.ee\/img\/uploads\/2023\/10\/maidlanomme-300x240.jpg 300w, https:\/\/www.maidlakyla.ee\/img\/uploads\/2023\/10\/maidlanomme-768x614.jpg 768w, https:\/\/www.maidlakyla.ee\/img\/uploads\/2023\/10\/maidlanomme-1536x1229.jpg 1536w, https:\/\/www.maidlakyla.ee\/img\/uploads\/2023\/10\/maidlanomme.jpg 2000w\" sizes=\"(max-width: 1024px) 100vw, 1024px\" \/><\/a><\/figure><\/li><li class=\"blocks-gallery-item\"><figure><a href=\"https:\/\/www.maidlakyla.ee\/img\/uploads\/2023\/10\/perenaised.jpg\"><img loading=\"lazy\" decoding=\"async\" width=\"1024\" height=\"819\" src=\"https:\/\/www.maidlakyla.ee\/img\/uploads\/2023\/10\/perenaised-1024x819.jpg\" alt=\"\" data-id=\"2454\" data-full-url=\"https:\/\/www.maidlakyla.ee\/img\/uploads\/2023\/10\/perenaised.jpg\" data-link=\"https:\/\/www.maidlakyla.ee\/?attachment_id=2454\" class=\"wp-image-2454\" srcset=\"https:\/\/www.maidlakyla.ee\/img\/uploads\/2023\/10\/perenaised-1024x819.jpg 1024w, https:\/\/www.maidlakyla.ee\/img\/uploads\/2023\/10\/perenaised-300x240.jpg 300w, https:\/\/www.maidlakyla.ee\/img\/uploads\/2023\/10\/perenaised-768x614.jpg 768w, https:\/\/www.maidlakyla.ee\/img\/uploads\/2023\/10\/perenaised-1536x1229.jpg 1536w, https:\/\/www.maidlakyla.ee\/img\/uploads\/2023\/10\/perenaised.jpg 2000w\" sizes=\"(max-width: 1024px) 100vw, 1024px\" \/><\/a><\/figure><\/li><li class=\"blocks-gallery-item\"><figure><a href=\"https:\/\/www.maidlakyla.ee\/img\/uploads\/2023\/10\/pakapikud.jpg\"><img loading=\"lazy\" decoding=\"async\" width=\"1024\" height=\"819\" src=\"https:\/\/www.maidlakyla.ee\/img\/uploads\/2023\/10\/pakapikud-1024x819.jpg\" alt=\"\" data-id=\"2455\" data-full-url=\"https:\/\/www.maidlakyla.ee\/img\/uploads\/2023\/10\/pakapikud.jpg\" data-link=\"https:\/\/www.maidlakyla.ee\/?attachment_id=2455\" class=\"wp-image-2455\" srcset=\"https:\/\/www.maidlakyla.ee\/img\/uploads\/2023\/10\/pakapikud-1024x819.jpg 1024w, https:\/\/www.maidlakyla.ee\/img\/uploads\/2023\/10\/pakapikud-300x240.jpg 300w, https:\/\/www.maidlakyla.ee\/img\/uploads\/2023\/10\/pakapikud-768x614.jpg 768w, https:\/\/www.maidlakyla.ee\/img\/uploads\/2023\/10\/pakapikud-1536x1229.jpg 1536w, https:\/\/www.maidlakyla.ee\/img\/uploads\/2023\/10\/pakapikud.jpg 2000w\" sizes=\"(max-width: 1024px) 100vw, 1024px\" \/><\/a><\/figure><\/li><li class=\"blocks-gallery-item\"><figure><a href=\"https:\/\/www.maidlakyla.ee\/img\/uploads\/2023\/10\/sillaotsa.jpg\"><img loading=\"lazy\" decoding=\"async\" width=\"1024\" height=\"819\" src=\"https:\/\/www.maidlakyla.ee\/img\/uploads\/2023\/10\/sillaotsa-1024x819.jpg\" alt=\"\" data-id=\"2456\" data-full-url=\"https:\/\/www.maidlakyla.ee\/img\/uploads\/2023\/10\/sillaotsa.jpg\" data-link=\"https:\/\/www.maidlakyla.ee\/?attachment_id=2456\" class=\"wp-image-2456\" srcset=\"https:\/\/www.maidlakyla.ee\/img\/uploads\/2023\/10\/sillaotsa-1024x819.jpg 1024w, https:\/\/www.maidlakyla.ee\/img\/uploads\/2023\/10\/sillaotsa-300x240.jpg 300w, https:\/\/www.maidlakyla.ee\/img\/uploads\/2023\/10\/sillaotsa-768x614.jpg 768w, https:\/\/www.maidlakyla.ee\/img\/uploads\/2023\/10\/sillaotsa-1536x1229.jpg 1536w, https:\/\/www.maidlakyla.ee\/img\/uploads\/2023\/10\/sillaotsa.jpg 2000w\" sizes=\"(max-width: 1024px) 100vw, 1024px\" \/><\/a><\/figure><\/li><li class=\"blocks-gallery-item\"><figure><a href=\"https:\/\/www.maidlakyla.ee\/img\/uploads\/2023\/10\/torud.jpg\"><img loading=\"lazy\" decoding=\"async\" width=\"1024\" height=\"819\" src=\"https:\/\/www.maidlakyla.ee\/img\/uploads\/2023\/10\/torud-1024x819.jpg\" alt=\"\" data-id=\"2457\" data-full-url=\"https:\/\/www.maidlakyla.ee\/img\/uploads\/2023\/10\/torud.jpg\" data-link=\"https:\/\/www.maidlakyla.ee\/?attachment_id=2457\" class=\"wp-image-2457\" srcset=\"https:\/\/www.maidlakyla.ee\/img\/uploads\/2023\/10\/torud-1024x819.jpg 1024w, https:\/\/www.maidlakyla.ee\/img\/uploads\/2023\/10\/torud-300x240.jpg 300w, https:\/\/www.maidlakyla.ee\/img\/uploads\/2023\/10\/torud-768x614.jpg 768w, https:\/\/www.maidlakyla.ee\/img\/uploads\/2023\/10\/torud-1536x1229.jpg 1536w, https:\/\/www.maidlakyla.ee\/img\/uploads\/2023\/10\/torud.jpg 2000w\" sizes=\"(max-width: 1024px) 100vw, 1024px\" \/><\/a><\/figure><\/li><\/ul><\/figure>\n<\/div><\/div>\n\n\n\n<p><\/p>\n\n\n\n<p>Juba selle kuu l\u00f5pus on 1. advent ning oleme k\u00fclaseltsiga otsustanud sel aastal j\u00f5ulur\u00f5\u00f5mu ja emotsioone Maidla ja P\u00e4rinurme k\u00fclla luua k\u00fclade kaunistamise v\u00f5istlusega.<br>Ootame k\u00f5iki elanikke ning ettev\u00f5tteid kaunistama nii enda kodusid, teeotsasid kui ka avalikke kohti. Kaunistamisest v\u00f5ivad osa v\u00f5tta nii perekonnad, s\u00f5pruskonnad kui ka kollektiivid.<br>Palume l\u00e4htuda kaunistamisel elektrit s\u00e4\u00e4stvast p\u00f5him\u00f5ttest, mist\u00f5ttu on eriti oodatud nutikad ja elektrivabad kaunistused!<br>Kaunistus v\u00f5ib olla nii v\u00e4ike kui suur, peamine on, et meisterdamine ja tulemus r\u00f5\u00f5mu valmistaksid.<br>Registreerida saab kuni 20.11.2022 ning ootame, et kaunistused seatakse \u00fcles 1. advendiks, mis on sel aastal 27.11.2022.a.<\/p>\n\n\n\n<p>Registreerida saab siin: https:\/\/forms.gle\/nfuPisxSoZSbLKoS7<\/p>\n\n\n\n<p>Kaunistuste \u00fcles seadmisel palume arvestada, et:<br>\u2013 kaunistused oleks avalikult ligip\u00e4\u00e4setavad;<br>\u2013 kaunistused ei takistaks liiklemist;<br>\u2013 me hoolime keskkonnast ja seet\u00f5ttu palume, et avalikku kohta \u00fcles seatud kaunistused eemaldatakse peale v\u00f5istlust.<\/p>\n\n\n\n<p>V\u00f5itjad v\u00e4litakse v\u00e4lja rahva h\u00e4\u00e4letusega ning auhinnad antakse \u00fcle 17.12.2022.a Maidla K\u00fclaseltsi j\u00f5ulupeol.<\/p>\n\n\n\n<figure class=\"wp-block-image size-large\"><a href=\"https:\/\/www.maidlakyla.ee\/img\/uploads\/2022\/10\/Satime-kulad-jouluruusse_a4_QR.jpg\"><img loading=\"lazy\" decoding=\"async\" width=\"724\" height=\"1024\" src=\"https:\/\/www.maidlakyla.ee\/img\/uploads\/2022\/10\/Satime-kulad-jouluruusse_a4_QR-724x1024.jpg\" alt=\"\" class=\"wp-image-2373\" srcset=\"https:\/\/www.maidlakyla.ee\/img\/uploads\/2022\/10\/Satime-kulad-jouluruusse_a4_QR-724x1024.jpg 724w, https:\/\/www.maidlakyla.ee\/img\/uploads\/2022\/10\/Satime-kulad-jouluruusse_a4_QR-212x300.jpg 212w, https:\/\/www.maidlakyla.ee\/img\/uploads\/2022\/10\/Satime-kulad-jouluruusse_a4_QR-768x1086.jpg 768w, https:\/\/www.maidlakyla.ee\/img\/uploads\/2022\/10\/Satime-kulad-jouluruusse_a4_QR-1086x1536.jpg 1086w, https:\/\/www.maidlakyla.ee\/img\/uploads\/2022\/10\/Satime-kulad-jouluruusse_a4_QR-1448x2048.jpg 1448w, https:\/\/www.maidlakyla.ee\/img\/uploads\/2022\/10\/Satime-kulad-jouluruusse_a4_QR.jpg 1587w\" sizes=\"(max-width: 724px) 100vw, 724px\" \/><\/a><\/figure>\n\n\n\n<p><\/p>\n","protected":false},"excerpt":{"rendered":"<p>2022. aastal s\u00e4titi esimest korda \u00fchiselt k\u00fclad j\u00f5ulur\u00fc\u00fcsse. Pildid k\u00f5igist osalejatest on toodud v\u00e4lja all olevas galeriis ning lisaks on v\u00f5imalik kaunistusi n\u00e4ha Nurgakivi saates (alates 22:25):&nbsp;https:\/\/play.tv3.ee\/shows\/nurgakivi,serial-2547938\/osa-16,episode-4984163?fbclid=IwAR3hkIc-6wwfFtevqTffR4rIHwqSRmARMhRNIj4UcMLn1OYvIDT_qazlIcQ Juba selle kuu l\u00f5pus on 1. advent ning oleme k\u00fclaseltsiga otsustanud sel aastal &hellip; <a href=\"https:\/\/www.maidlakyla.ee\/?page_id=2371\">J\u00e4tka lugemist <span class=\"meta-nav\">&rarr;<\/span><\/a><\/p>\n","protected":false},"author":12,"featured_media":0,"parent":2328,"menu_order":1,"comment_status":"closed","ping_status":"closed","template":"","meta":{"footnotes":""},"_links":{"self":[{"href":"https:\/\/www.maidlakyla.ee\/index.php?rest_route=\/wp\/v2\/pages\/2371"}],"collection":[{"href":"https:\/\/www.maidlakyla.ee\/index.php?rest_route=\/wp\/v2\/pages"}],"about":[{"href":"https:\/\/www.maidlakyla.ee\/index.php?rest_route=\/wp\/v2\/types\/page"}],"author":[{"embeddable":true,"href":"https:\/\/www.maidlakyla.ee\/index.php?rest_route=\/wp\/v2\/users\/12"}],"replies":[{"embeddable":true,"href":"https:\/\/www.maidlakyla.ee\/index.php?rest_route=%2Fwp%2Fv2%2Fcomments&post=2371"}],"version-history":[{"count":10,"href":"https:\/\/www.maidlakyla.ee\/index.php?rest_route=\/wp\/v2\/pages\/2371\/revisions"}],"predecessor-version":[{"id":2540,"href":"https:\/\/www.maidlakyla.ee\/index.php?rest_route=\/wp\/v2\/pages\/2371\/revisions\/2540"}],"up":[{"embeddable":true,"href":"https:\/\/www.maidlakyla.ee\/index.php?rest_route=\/wp\/v2\/pages\/2328"}],"wp:attachment":[{"href":"https:\/\/www.maidlakyla.ee\/index.php?rest_route=%2Fwp%2Fv2%2Fmedia&parent=2371"}],"curies":[{"name":"wp","href":"https:\/\/api.w.org\/{rel}","templated":true}]}}