{"id":2332,"date":"2021-12-30T19:17:29","date_gmt":"2021-12-30T17:17:29","guid":{"rendered":"http:\/\/www.maidlakyla.ee\/?page_id=2332"},"modified":"2021-12-30T20:06:27","modified_gmt":"2021-12-30T18:06:27","slug":"maidla-koolimaja","status":"publish","type":"page","link":"https:\/\/www.maidlakyla.ee\/?page_id=2332","title":{"rendered":"Maidla koolimaja"},"content":{"rendered":"\n<p><strong>MAIDLA KOOLILMAJA AJALUGU<\/strong><\/p>\n\n\n\n<p class=\"has-text-align-left\"><br>       Maidlas valmis talupoegade eestvedamisel esimene koolimaja 1872. aastal. Ehitusmaterjali ja krundi andis m\u00f5is. Koolis \u00f5petati eesti keelt, kalligraafiat, rehkendamist, geograafiat, usu\u00f5petust, laulmist ja alates 1877. aastast ka vene keelt. Selle koolimaja iga oli l\u00fchike, maja s\u00fcttis 1893. a l\u00f5pul v\u00f5i 1894. a alguses vigase korstna t\u00f5ttu p\u00f5lema.<\/p>\n\n\n\n<p class=\"has-text-align-left\">      Kaheksa aastat oli Maidla koolimajata. Lastel tuli k\u00e4ia kas Sutlema v\u00f5i \u00c4\u00e4sm\u00e4e koolis. T\u00e4naseni Maidla k\u00fclas s\u00e4ilinud koolimaja valmis 1902. aastal ja \u00f5ppeaineteks olid eesti keel, ilukirjandus, rehkendus, piiblilugu, katekismus, kirikulaulmine, vene keel, turnimine, laulmine ja geograafia. Aastatel 1881-1884 algas venestamispoliitika ja Eesti koolides seati sisse vene keele \u00f5pe. N\u00e4iteks geograafia ja ka rehkenduse \u00f5petamine toimus venekeelsete raamatute abil. Lapsed pidid koolis r\u00e4\u00e4kima vene keelt ja selline kord kehtis kuni 1917. aastani. Maidla kool oli ka k\u00fcla kultuuri edendaja. <\/p>\n\n\n\n<p class=\"has-text-align-left\">       Maidla segakoor asutati 1912. aastal. Kultuuri\u00fcritused j\u00e4id soiku 1914. aastal, kui algas I Maailmas\u00f5da. \u00d5petajad mobiliseeriti s\u00f5jav\u00e4kke ja 1917-1918. aastal koolis \u00f5ppet\u00f6\u00f6d ei toimunud, sest vene s\u00f5durid muutsid Maidla koolimaja kasarmuks. Saksa okupatsiooni ajal 1918. aastast hakati koole \u00fcle viima saksa keelsele \u00f5ppele. Kuid 1918. aasta novembris koos Eesti Vabariigi loomisega sai koolides \u00fcle minna emakeelsele \u00f5ppele. Siitpeale algas ka hoogne t\u00f5us. Koolis t\u00f5steti kohustuslik \u00f5ppeaeg neljale aastale, hiljem kuuele aastale.<\/p>\n\n\n\n<p class=\"has-text-align-left\"><br>1923\/24 oli koolis kokku 50 \u00f5pilast.                                                                                                1924\/25 45 \u00f5pilast.<br>1938 rajati kooliaed ja ehitati v\u00e4liklosett. Istutati ilupuid, viljapuid, marjap\u00f5\u00f5said. Koolimaja oli k\u00fcla seltsielu keskus, korraldati rahvapidusid ja koosolekuid. Rahvarohked olid j\u00f5ulupeod.<br>1940\/41 N\u00f5ukogude v\u00f5imu kehtestamisega muutusid ka \u00f5ppekavad ja koolikord. Uue \u00f5ppeainena tuli juurde vene keel ja muutus ajaloo k\u00e4sitlus.<br>1941\/44 muudeti taas koolikorraldust ja \u00f5ppekavasid ning koolis hakati vene keele asemel saksa keelt \u00f5petama.<br>1944\/45 N\u00f5ukogude v\u00f5imu taaskehtestamisega ilmusid taas j\u00e4lle uued \u00f5pikud ja raamatukogust k\u00f5rvaldati ebasoovitav kirjandus.<br>1946\/47 \u00f5ppis koolis 32 \u00f5pilast. Kehtestati koolikohustus 7. aasta vanuselt kuni mittet\u00e4ieliku keskkooli l\u00f5petamiseni (7 klassi) v\u00f5i 16- aastaseks saamiseni. P\u00e4rast kollektiviseerimist oli Maidla kooli krundi suurus 15 000 m2, sellest k\u00fclvi alla v\u00e4ike katseaed 95m2 ja spordiv\u00e4ljak 10000 m2.<br>1969-75 aastatel v\u00e4ikekoolide likvideerimise k\u00e4igus suleti Maidla kool.<br>1975-86 oli kooli s\u00fcgist\u00f6\u00f6de ajal sheffide toitlustuskoht.<br>1986 tehti koolimaja remont ja kohandati hoone \u00f5pilasmalevlaste majutamiseks.<br>1991-2003 hoidis majal silma peal Linda Gr\u00fcnberg.<br>23.02.2003 asutati MT\u00dc Maidla K\u00fclaselts. Koolimaja nimetati \u00fcmber seltsimajaks.<\/p>\n\n\n\n<figure class=\"wp-block-image size-large is-resized is-style-rounded\"><a href=\"https:\/\/www.maidlakyla.ee\/img\/uploads\/2021\/12\/13918521_10205223923117811_1614237836_o.jpg\"><img loading=\"lazy\" decoding=\"async\" src=\"https:\/\/www.maidlakyla.ee\/img\/uploads\/2021\/12\/13918521_10205223923117811_1614237836_o-1024x641.jpg\" alt=\"\" class=\"wp-image-2334\" width=\"670\" height=\"419\" srcset=\"https:\/\/www.maidlakyla.ee\/img\/uploads\/2021\/12\/13918521_10205223923117811_1614237836_o-1024x641.jpg 1024w, https:\/\/www.maidlakyla.ee\/img\/uploads\/2021\/12\/13918521_10205223923117811_1614237836_o-300x188.jpg 300w, https:\/\/www.maidlakyla.ee\/img\/uploads\/2021\/12\/13918521_10205223923117811_1614237836_o-768x480.jpg 768w, https:\/\/www.maidlakyla.ee\/img\/uploads\/2021\/12\/13918521_10205223923117811_1614237836_o-1536x961.jpg 1536w, https:\/\/www.maidlakyla.ee\/img\/uploads\/2021\/12\/13918521_10205223923117811_1614237836_o.jpg 1787w\" sizes=\"(max-width: 670px) 100vw, 670px\" \/><\/a><\/figure>\n","protected":false},"excerpt":{"rendered":"<p>MAIDLA KOOLILMAJA AJALUGU Maidlas valmis talupoegade eestvedamisel esimene koolimaja 1872. aastal. Ehitusmaterjali ja krundi andis m\u00f5is. Koolis \u00f5petati eesti keelt, kalligraafiat, rehkendamist, geograafiat, usu\u00f5petust, laulmist ja alates 1877. aastast ka vene keelt. Selle koolimaja iga oli l\u00fchike, maja s\u00fcttis 1893. &hellip; <a href=\"https:\/\/www.maidlakyla.ee\/?page_id=2332\">J\u00e4tka lugemist <span class=\"meta-nav\">&rarr;<\/span><\/a><\/p>\n","protected":false},"author":12,"featured_media":0,"parent":24,"menu_order":4,"comment_status":"closed","ping_status":"closed","template":"","meta":{"footnotes":""},"_links":{"self":[{"href":"https:\/\/www.maidlakyla.ee\/index.php?rest_route=\/wp\/v2\/pages\/2332"}],"collection":[{"href":"https:\/\/www.maidlakyla.ee\/index.php?rest_route=\/wp\/v2\/pages"}],"about":[{"href":"https:\/\/www.maidlakyla.ee\/index.php?rest_route=\/wp\/v2\/types\/page"}],"author":[{"embeddable":true,"href":"https:\/\/www.maidlakyla.ee\/index.php?rest_route=\/wp\/v2\/users\/12"}],"replies":[{"embeddable":true,"href":"https:\/\/www.maidlakyla.ee\/index.php?rest_route=%2Fwp%2Fv2%2Fcomments&post=2332"}],"version-history":[{"count":4,"href":"https:\/\/www.maidlakyla.ee\/index.php?rest_route=\/wp\/v2\/pages\/2332\/revisions"}],"predecessor-version":[{"id":2345,"href":"https:\/\/www.maidlakyla.ee\/index.php?rest_route=\/wp\/v2\/pages\/2332\/revisions\/2345"}],"up":[{"embeddable":true,"href":"https:\/\/www.maidlakyla.ee\/index.php?rest_route=\/wp\/v2\/pages\/24"}],"wp:attachment":[{"href":"https:\/\/www.maidlakyla.ee\/index.php?rest_route=%2Fwp%2Fv2%2Fmedia&parent=2332"}],"curies":[{"name":"wp","href":"https:\/\/api.w.org\/{rel}","templated":true}]}}